{"id":19090,"date":"2025-05-22T16:43:43","date_gmt":"2025-05-22T16:43:43","guid":{"rendered":"https:\/\/baladnaholding.com\/\u0645\u0646\u062a\u062c\u0627\u062a\u0646\u0627\/unkategorisiert\/baladna-gruener-zaatar-orientalisch-400-g\/"},"modified":"2025-09-23T14:17:56","modified_gmt":"2025-09-23T14:17:56","slug":"baladna-gruener-zaatar-orientalisch-400-g","status":"publish","type":"product","link":"https:\/\/baladnaholding.com\/de\/products\/fruhstuck\/baladna-gruener-zaatar-orientalisch-400-g\/","title":{"rendered":"Baladna Gr\u00fcner Zaatar &#8211; Orientalisch 400 g"},"content":{"rendered":"<p>Er ist eines der herausragenden Produkte in Baladna, da Thymian eine Mischung aus wildem gr\u00fcnem Thymianpulver ist, dem Sumach, Sesam und viele andere arabische Gew\u00fcrze zugesetzt werden, wobei der Anteil an Sesam etwa 50% betr\u00e4gt, was einen hohen N\u00e4hrwert ergibt, und gr\u00fcner Thymian ist eines der aromatischen Kr\u00e4uter, die einen hohen N\u00e4hrwert zus\u00e4tzlich zu &#8222;einem unverwechselbaren Geschmack&#8220; bieten. Die Stadt Aleppo ist seit Tausenden von Jahren f\u00fcr die Herstellung von Thymian ber\u00fchmt, und Touristen kaufen oft Thymian als Souvenir aus der Stadt Aleppo, wo der Thymian von Aleppo der ber\u00fchmteste der Welt ist. Erh\u00e4ltlich in zwei Gr\u00f6\u00dfen, eine Familiengr\u00f6\u00dfe von 500 Gramm und eine kleine Gr\u00f6\u00dfe von 60 Gramm. Dieses Produkt ist vegan, vegetarisch und laktosefrei. . Er ist verzehrfertig, nachdem der Inhalt des Beutels gut gemischt wurde. Er wird normalerweise zusammen mit Oliven\u00f6l serviert, wobei er in orientalischem Brot gegessen und daraus Thymian- und Thymian-Sandwiches zubereitet werden, und er wird manchmal dem H\u00fchnergew\u00fcrz hinzugef\u00fcgt, bevor es in den Ofen kommt. Thymian wird in verschiedenen Rezepten verwendet und ist in verschiedenen Geschmacksrichtungen erh\u00e4ltlich, wie z.B. k\u00f6niglicher gr\u00fcner Thymian, Aleppo-Thymian mit Sumach und Thymian mit Granatapfelaroma. . Im Nahen Osten ist es als Sandwich f\u00fcr Kinder bekannt, da es einen hohen N\u00e4hrwert hat und somit ein kinderfreundliches Essen ist.<\/p>\n","protected":false},"excerpt":{"rendered":"<p>&#8222;\u0627\u0644\u0632\u0639\u062a\u0631 \u0627\u0644\u062d\u0644\u0628\u064a \u0627\u0644\u0641\u0627\u062e\u0631 \u0627\u0644\u0645\u0634\u063a\u0648\u0644 \u0639\u0644\u0649 \u0627\u0635\u0648\u0644\u0647 \u0627\u0644\u0632\u0639\u062a\u0631 \u0627\u0644\u0623\u062e\u0636\u0631 \u0627\u0644\u0645\u0644\u0648\u0643\u064a&#8220;<\/p>\n","protected":false},"featured_media":19091,"template":"","meta":{"_acf_changed":false,"site-sidebar-layout":"default","site-content-layout":"","ast-site-content-layout":"default","site-content-style":"default","site-sidebar-style":"default","ast-global-header-display":"","ast-banner-title-visibility":"","ast-main-header-display":"","ast-hfb-above-header-display":"","ast-hfb-below-header-display":"","ast-hfb-mobile-header-display":"","site-post-title":"","ast-breadcrumbs-content":"","ast-featured-img":"","footer-sml-layout":"","theme-transparent-header-meta":"default","adv-header-id-meta":"","stick-header-meta":"","header-above-stick-meta":"","header-main-stick-meta":"","header-below-stick-meta":"","astra-migrate-meta-layouts":"set","ast-page-background-enabled":"default","ast-page-background-meta":{"desktop":{"background-color":"var(--ast-global-color-5)","background-image":"","background-repeat":"repeat","background-position":"center center","background-size":"auto","background-attachment":"scroll","background-type":"","background-media":"","overlay-type":"","overlay-color":"","overlay-opacity":"","overlay-gradient":""},"tablet":{"background-color":"","background-image":"","background-repeat":"repeat","background-position":"center center","background-size":"auto","background-attachment":"scroll","background-type":"","background-media":"","overlay-type":"","overlay-color":"","overlay-opacity":"","overlay-gradient":""},"mobile":{"background-color":"","background-image":"","background-repeat":"repeat","background-position":"center center","background-size":"auto","background-attachment":"scroll","background-type":"","background-media":"","overlay-type":"","overlay-color":"","overlay-opacity":"","overlay-gradient":""}},"ast-content-background-meta":{"desktop":{"background-color":"var(--ast-global-color-4)","background-image":"","background-repeat":"repeat","background-position":"center center","background-size":"auto","background-attachment":"scroll","background-type":"","background-media":"","overlay-type":"","overlay-color":"","overlay-opacity":"","overlay-gradient":""},"tablet":{"background-color":"var(--ast-global-color-4)","background-image":"","background-repeat":"repeat","background-position":"center center","background-size":"auto","background-attachment":"scroll","background-type":"","background-media":"","overlay-type":"","overlay-color":"","overlay-opacity":"","overlay-gradient":""},"mobile":{"background-color":"var(--ast-global-color-4)","background-image":"","background-repeat":"repeat","background-position":"center center","background-size":"auto","background-attachment":"scroll","background-type":"","background-media":"","overlay-type":"","overlay-color":"","overlay-opacity":"","overlay-gradient":""}}},"product_brand":[561,560,558,559],"product_cat":[431],"product_tag":[547],"class_list":{"0":"post-19090","1":"product","2":"type-product","3":"status-publish","4":"has-post-thumbnail","6":"product_brand-glutenfrei","7":"product_brand-laktosefrei","8":"product_brand-vegan-de","9":"product_brand-vegetarisch","10":"product_cat-fruhstuck","11":"product_tag-zaater","12":"desktop-align-left","13":"tablet-align-left","14":"mobile-align-left","16":"first","17":"instock","18":"shipping-taxable","19":"product-type-simple"},"acf":[],"_links":{"self":[{"href":"https:\/\/baladnaholding.com\/de\/wp-json\/wp\/v2\/product\/19090","targetHints":{"allow":["GET"]}}],"collection":[{"href":"https:\/\/baladnaholding.com\/de\/wp-json\/wp\/v2\/product"}],"about":[{"href":"https:\/\/baladnaholding.com\/de\/wp-json\/wp\/v2\/types\/product"}],"version-history":[{"count":3,"href":"https:\/\/baladnaholding.com\/de\/wp-json\/wp\/v2\/product\/19090\/revisions"}],"predecessor-version":[{"id":22846,"href":"https:\/\/baladnaholding.com\/de\/wp-json\/wp\/v2\/product\/19090\/revisions\/22846"}],"wp:featuredmedia":[{"embeddable":true,"href":"https:\/\/baladnaholding.com\/de\/wp-json\/wp\/v2\/media\/19091"}],"wp:attachment":[{"href":"https:\/\/baladnaholding.com\/de\/wp-json\/wp\/v2\/media?parent=19090"}],"wp:term":[{"taxonomy":"product_brand","embeddable":true,"href":"https:\/\/baladnaholding.com\/de\/wp-json\/wp\/v2\/product_brand?post=19090"},{"taxonomy":"product_cat","embeddable":true,"href":"https:\/\/baladnaholding.com\/de\/wp-json\/wp\/v2\/product_cat?post=19090"},{"taxonomy":"product_tag","embeddable":true,"href":"https:\/\/baladnaholding.com\/de\/wp-json\/wp\/v2\/product_tag?post=19090"}],"curies":[{"name":"wp","href":"https:\/\/api.w.org\/{rel}","templated":true}]}}