{"id":18954,"date":"2025-05-22T16:48:14","date_gmt":"2025-05-22T16:48:14","guid":{"rendered":"https:\/\/baladnaholding.com\/\u0645\u0646\u062a\u062c\u0627\u062a\u0646\u0627\/unkategorisiert\/baladna-gebratene-aubergine-orientalisch-520-g\/"},"modified":"2025-09-23T14:56:35","modified_gmt":"2025-09-23T14:56:35","slug":"baladna-geroestete-auberginen-orientalisch-520-g","status":"publish","type":"product","link":"https:\/\/baladnaholding.com\/de\/products\/weitere-zutaten\/baladna-geroestete-auberginen-orientalisch-520-g\/","title":{"rendered":"Baladna  Ger\u00f6stete Auberginen &#8211; Orientalisch 520 g"},"content":{"rendered":"<p>* Gegrillte Auberginen sind eines der wichtigsten Gem\u00fcse bei der Zubereitung beliebter Vorspeisengerichte in Orientalischen und \u00f6stlichen L\u00e4ndern, wie zum Beispiel Mutabal und Baba Ghanog. * Es wird aus den besten frischen Auberginensorten zubereitet, die zu bestimmten Jahreszeiten und nur f\u00fcr sehr kurze Zeitr\u00e4ume im Jahr erh\u00e4ltlich sind. * Sie werden auf traditionelle Weise \u00fcber Feuer gegrillt. * Die Auberginen bekommen so das duftende Aroma. * Sie werden dann automatisch gesch\u00e4lt und zerkleinert. * Das P\u00fcree wird entw\u00e4ssert und in einem stilvollen Glas vakuum abgef\u00fcllt. * Sie k\u00f6nnen es zubereiten, indem Sie etwas Gem\u00fcse wie Tomaten, gehackte Zwiebeln, Petersilie mit ein wenig Salz und Zitrone hinzuf\u00fcgen, um das wunderbare Gericht namens Baba Ghanog zu erhalten, oder Sie k\u00f6nnen etwas Tahin, Knoblauch und Zitrone hinzuf\u00fcgen, um das leckere Gericht von Mutabal (K\u00f6nig der Vorspeisen in der Orientalischen und \u00f6stlichen Region) zuzubereiten. * Normalerweise wird dieses Gem\u00fcse neben diesen Gerichten mit Tomaten und Minze und ein paar Essiggurken serviert. * * Sie k\u00f6nnen es zubereiten, indem Sie etwas Gem\u00fcse wie Tomaten, gehackte Zwiebeln, Petersilie mit ein wenig Salz und Zitrone hinzuf\u00fcgen, um das wunderbare Gericht namens Baba Ghanog zu erhalten, oder Sie k\u00f6nnen etwas Tahin, Knoblauch und Zitrone hinzuf\u00fcgen, um das leckere Gericht von Mutabal (K\u00f6nig der Vorspeisen in der Orientalischen und \u00f6stlichen Region) zuzubereiten. * Normalerweise wird dieses Gem\u00fcse neben diesen Gerichten mit Tomaten und Minze und ein paar Essiggurken serviert.<\/p>\n","protected":false},"excerpt":{"rendered":"<p>\u0628\u0627\u0630\u0646\u062c\u0627\u0646 \u0645\u0634\u0648\u064a \u0628\u0644\u062f\u0646\u0627 \u062d\u0644\u0627\u0644<\/p>\n","protected":false},"featured_media":18956,"template":"","meta":{"_acf_changed":false,"site-sidebar-layout":"default","site-content-layout":"","ast-site-content-layout":"default","site-content-style":"default","site-sidebar-style":"default","ast-global-header-display":"","ast-banner-title-visibility":"","ast-main-header-display":"","ast-hfb-above-header-display":"","ast-hfb-below-header-display":"","ast-hfb-mobile-header-display":"","site-post-title":"","ast-breadcrumbs-content":"","ast-featured-img":"","footer-sml-layout":"","theme-transparent-header-meta":"default","adv-header-id-meta":"","stick-header-meta":"","header-above-stick-meta":"","header-main-stick-meta":"","header-below-stick-meta":"","astra-migrate-meta-layouts":"set","ast-page-background-enabled":"default","ast-page-background-meta":{"desktop":{"background-color":"var(--ast-global-color-5)","background-image":"","background-repeat":"repeat","background-position":"center center","background-size":"auto","background-attachment":"scroll","background-type":"","background-media":"","overlay-type":"","overlay-color":"","overlay-opacity":"","overlay-gradient":""},"tablet":{"background-color":"","background-image":"","background-repeat":"repeat","background-position":"center center","background-size":"auto","background-attachment":"scroll","background-type":"","background-media":"","overlay-type":"","overlay-color":"","overlay-opacity":"","overlay-gradient":""},"mobile":{"background-color":"","background-image":"","background-repeat":"repeat","background-position":"center center","background-size":"auto","background-attachment":"scroll","background-type":"","background-media":"","overlay-type":"","overlay-color":"","overlay-opacity":"","overlay-gradient":""}},"ast-content-background-meta":{"desktop":{"background-color":"var(--ast-global-color-4)","background-image":"","background-repeat":"repeat","background-position":"center center","background-size":"auto","background-attachment":"scroll","background-type":"","background-media":"","overlay-type":"","overlay-color":"","overlay-opacity":"","overlay-gradient":""},"tablet":{"background-color":"var(--ast-global-color-4)","background-image":"","background-repeat":"repeat","background-position":"center center","background-size":"auto","background-attachment":"scroll","background-type":"","background-media":"","overlay-type":"","overlay-color":"","overlay-opacity":"","overlay-gradient":""},"mobile":{"background-color":"var(--ast-global-color-4)","background-image":"","background-repeat":"repeat","background-position":"center center","background-size":"auto","background-attachment":"scroll","background-type":"","background-media":"","overlay-type":"","overlay-color":"","overlay-opacity":"","overlay-gradient":""}}},"product_brand":[561,560],"product_cat":[442],"product_tag":[531],"class_list":{"0":"post-18954","1":"product","2":"type-product","3":"status-publish","4":"has-post-thumbnail","6":"product_brand-glutenfrei","7":"product_brand-laktosefrei","8":"product_cat-weitere-zutaten","9":"product_tag-gerostete-auberginen","10":"desktop-align-left","11":"tablet-align-left","12":"mobile-align-left","14":"first","15":"instock","16":"shipping-taxable","17":"product-type-simple"},"acf":[],"_links":{"self":[{"href":"https:\/\/baladnaholding.com\/de\/wp-json\/wp\/v2\/product\/18954","targetHints":{"allow":["GET"]}}],"collection":[{"href":"https:\/\/baladnaholding.com\/de\/wp-json\/wp\/v2\/product"}],"about":[{"href":"https:\/\/baladnaholding.com\/de\/wp-json\/wp\/v2\/types\/product"}],"version-history":[{"count":4,"href":"https:\/\/baladnaholding.com\/de\/wp-json\/wp\/v2\/product\/18954\/revisions"}],"predecessor-version":[{"id":22976,"href":"https:\/\/baladnaholding.com\/de\/wp-json\/wp\/v2\/product\/18954\/revisions\/22976"}],"wp:featuredmedia":[{"embeddable":true,"href":"https:\/\/baladnaholding.com\/de\/wp-json\/wp\/v2\/media\/18956"}],"wp:attachment":[{"href":"https:\/\/baladnaholding.com\/de\/wp-json\/wp\/v2\/media?parent=18954"}],"wp:term":[{"taxonomy":"product_brand","embeddable":true,"href":"https:\/\/baladnaholding.com\/de\/wp-json\/wp\/v2\/product_brand?post=18954"},{"taxonomy":"product_cat","embeddable":true,"href":"https:\/\/baladnaholding.com\/de\/wp-json\/wp\/v2\/product_cat?post=18954"},{"taxonomy":"product_tag","embeddable":true,"href":"https:\/\/baladnaholding.com\/de\/wp-json\/wp\/v2\/product_tag?post=18954"}],"curies":[{"name":"wp","href":"https:\/\/api.w.org\/{rel}","templated":true}]}}