{"id":18953,"date":"2025-05-22T16:48:20","date_gmt":"2025-05-22T16:48:20","guid":{"rendered":"https:\/\/baladnaholding.com\/\u0645\u0646\u062a\u062c\u0627\u062a\u0646\u0627\/unkategorisiert\/baladna-tomatenmark-orientalisch-800-g\/"},"modified":"2025-09-23T14:55:50","modified_gmt":"2025-09-23T14:55:50","slug":"baladna-tomatenmark-orientalisch-800-g","status":"publish","type":"product","link":"https:\/\/baladnaholding.com\/de\/products\/weitere-zutaten\/baladna-tomatenmark-orientalisch-800-g\/","title":{"rendered":"Baladna  Tomatenmark &#8211; Orientalisch 800 g"},"content":{"rendered":"<p>* Baladna-Tomatenmark wird aus den feinsten Tomatensorten erntefrisch hergestellt. * Einmal im Jahr und nur in einem Zeitfenster von drei\u00dfig Tagen werden die sonnengereiften Fr\u00fcchte sonnengetrocknet und schonend zu Mark verarbeitet. * Die weltweit neueste Technologie zur Herstellung von Tomatenmark garantiert die hohe Dichte 22\/24 des Marks. * Die hohe Konzentration macht seine Verwendung sehr sparsam. * Ein Essl\u00f6ffel Baladna Tomatenmark entspricht mehreren Essl\u00f6ffeln anderer auf dem Markt erh\u00e4ltlicher Produkte. * Das k\u00f6stliche, gesunde und aromatische Mark ist in eleganten 800 g Metalldosen erh\u00e4ltlich und verzehrfertig. * Es ist eine herrliche Zutat in vielen Gerichten wie zum Beispiel Suppen, gef\u00fcllte Gem\u00fcse oder orientalisch-Orientalische Fleisch-oder Bulgurgerichte. * Sogar als Brotaufstrich mit ein bisschen Minze und Oliven\u00f6l ist es ein Gedicht. * Wer Tomaten mag, liebt unser Baladna Tomatenmark. * Es ist verzehrfertig.<\/p>\n","protected":false},"excerpt":{"rendered":"<p>&#8222;\u062f\u0628\u0633 \u0628\u0646\u062f\u0648\u0631\u0629 \u0628\u0644\u062f\u064a\u0629 .. \u062d\u0627\u0627\u0627\u0645\u0636\u0629&#8220;<\/p>\n","protected":false},"featured_media":18955,"template":"","meta":{"_acf_changed":false,"site-sidebar-layout":"default","site-content-layout":"","ast-site-content-layout":"default","site-content-style":"default","site-sidebar-style":"default","ast-global-header-display":"","ast-banner-title-visibility":"","ast-main-header-display":"","ast-hfb-above-header-display":"","ast-hfb-below-header-display":"","ast-hfb-mobile-header-display":"","site-post-title":"","ast-breadcrumbs-content":"","ast-featured-img":"","footer-sml-layout":"","theme-transparent-header-meta":"default","adv-header-id-meta":"","stick-header-meta":"","header-above-stick-meta":"","header-main-stick-meta":"","header-below-stick-meta":"","astra-migrate-meta-layouts":"set","ast-page-background-enabled":"default","ast-page-background-meta":{"desktop":{"background-color":"var(--ast-global-color-5)","background-image":"","background-repeat":"repeat","background-position":"center center","background-size":"auto","background-attachment":"scroll","background-type":"","background-media":"","overlay-type":"","overlay-color":"","overlay-opacity":"","overlay-gradient":""},"tablet":{"background-color":"","background-image":"","background-repeat":"repeat","background-position":"center center","background-size":"auto","background-attachment":"scroll","background-type":"","background-media":"","overlay-type":"","overlay-color":"","overlay-opacity":"","overlay-gradient":""},"mobile":{"background-color":"","background-image":"","background-repeat":"repeat","background-position":"center center","background-size":"auto","background-attachment":"scroll","background-type":"","background-media":"","overlay-type":"","overlay-color":"","overlay-opacity":"","overlay-gradient":""}},"ast-content-background-meta":{"desktop":{"background-color":"var(--ast-global-color-4)","background-image":"","background-repeat":"repeat","background-position":"center center","background-size":"auto","background-attachment":"scroll","background-type":"","background-media":"","overlay-type":"","overlay-color":"","overlay-opacity":"","overlay-gradient":""},"tablet":{"background-color":"var(--ast-global-color-4)","background-image":"","background-repeat":"repeat","background-position":"center center","background-size":"auto","background-attachment":"scroll","background-type":"","background-media":"","overlay-type":"","overlay-color":"","overlay-opacity":"","overlay-gradient":""},"mobile":{"background-color":"var(--ast-global-color-4)","background-image":"","background-repeat":"repeat","background-position":"center center","background-size":"auto","background-attachment":"scroll","background-type":"","background-media":"","overlay-type":"","overlay-color":"","overlay-opacity":"","overlay-gradient":""}}},"product_brand":[561,560],"product_cat":[442],"product_tag":[543],"class_list":{"0":"post-18953","1":"product","2":"type-product","3":"status-publish","4":"has-post-thumbnail","6":"product_brand-glutenfrei","7":"product_brand-laktosefrei","8":"product_cat-weitere-zutaten","9":"product_tag-tomatenmark","10":"desktop-align-left","11":"tablet-align-left","12":"mobile-align-left","14":"first","15":"instock","16":"shipping-taxable","17":"product-type-simple"},"acf":[],"_links":{"self":[{"href":"https:\/\/baladnaholding.com\/de\/wp-json\/wp\/v2\/product\/18953","targetHints":{"allow":["GET"]}}],"collection":[{"href":"https:\/\/baladnaholding.com\/de\/wp-json\/wp\/v2\/product"}],"about":[{"href":"https:\/\/baladnaholding.com\/de\/wp-json\/wp\/v2\/types\/product"}],"version-history":[{"count":4,"href":"https:\/\/baladnaholding.com\/de\/wp-json\/wp\/v2\/product\/18953\/revisions"}],"predecessor-version":[{"id":22972,"href":"https:\/\/baladnaholding.com\/de\/wp-json\/wp\/v2\/product\/18953\/revisions\/22972"}],"wp:featuredmedia":[{"embeddable":true,"href":"https:\/\/baladnaholding.com\/de\/wp-json\/wp\/v2\/media\/18955"}],"wp:attachment":[{"href":"https:\/\/baladnaholding.com\/de\/wp-json\/wp\/v2\/media?parent=18953"}],"wp:term":[{"taxonomy":"product_brand","embeddable":true,"href":"https:\/\/baladnaholding.com\/de\/wp-json\/wp\/v2\/product_brand?post=18953"},{"taxonomy":"product_cat","embeddable":true,"href":"https:\/\/baladnaholding.com\/de\/wp-json\/wp\/v2\/product_cat?post=18953"},{"taxonomy":"product_tag","embeddable":true,"href":"https:\/\/baladnaholding.com\/de\/wp-json\/wp\/v2\/product_tag?post=18953"}],"curies":[{"name":"wp","href":"https:\/\/api.w.org\/{rel}","templated":true}]}}