{"id":18851,"date":"2025-05-22T16:48:00","date_gmt":"2025-05-22T16:48:00","guid":{"rendered":"https:\/\/baladnaholding.com\/\u0645\u0646\u062a\u062c\u0627\u062a\u0646\u0627\/unkategorisiert\/baladna-freekeh-geroesteter-gruener-weizen-orientalisch-800-g\/"},"modified":"2025-09-23T14:03:49","modified_gmt":"2025-09-23T14:03:49","slug":"baladna-freekeh-geroesteter-gruenweizen-orientalisch-800-g","status":"publish","type":"product","link":"https:\/\/baladnaholding.com\/de\/products\/arabische-kuche\/baladna-freekeh-geroesteter-gruenweizen-orientalisch-800-g\/","title":{"rendered":"Baladna  Freekeh (Ger\u00f6steter Gr\u00fcnweizen) &#8211; Orientalisch 800 g"},"content":{"rendered":"<p>* Baladna Freekeh zeichnet sich durch seine traditionellen historischen Sorten aus, die in der Orientalischen und \u00f6stlichen Region Tausende von Jahren alt sind. * Sie werden aus gr\u00fcnen Weizenk\u00f6rnern vor dem Austrocknen gewonnen. * Nach der Ernte wird er auf traditionelle Weise ger\u00e4uchert und ger\u00f6stet, dann werden die K\u00f6rner von ihrer \u00c4hre entfernt, gesiebt und gereinigt.<\/p>\n","protected":false},"excerpt":{"rendered":"<p>&#8222;\u0641\u0631\u064a\u0643\u0629 \u0628\u0644\u062f\u064a\u0629 \u0645\u062d\u0631\u0648\u0642\u0629 \u0639\u0644\u0649 \u0627\u0644\u062d\u0637\u0628&#8220;<\/p>\n","protected":false},"featured_media":18853,"template":"","meta":{"_acf_changed":false,"site-sidebar-layout":"default","site-content-layout":"","ast-site-content-layout":"default","site-content-style":"default","site-sidebar-style":"default","ast-global-header-display":"","ast-banner-title-visibility":"","ast-main-header-display":"","ast-hfb-above-header-display":"","ast-hfb-below-header-display":"","ast-hfb-mobile-header-display":"","site-post-title":"","ast-breadcrumbs-content":"","ast-featured-img":"","footer-sml-layout":"","theme-transparent-header-meta":"default","adv-header-id-meta":"","stick-header-meta":"","header-above-stick-meta":"","header-main-stick-meta":"","header-below-stick-meta":"","astra-migrate-meta-layouts":"set","ast-page-background-enabled":"default","ast-page-background-meta":{"desktop":{"background-color":"var(--ast-global-color-5)","background-image":"","background-repeat":"repeat","background-position":"center center","background-size":"auto","background-attachment":"scroll","background-type":"","background-media":"","overlay-type":"","overlay-color":"","overlay-opacity":"","overlay-gradient":""},"tablet":{"background-color":"","background-image":"","background-repeat":"repeat","background-position":"center center","background-size":"auto","background-attachment":"scroll","background-type":"","background-media":"","overlay-type":"","overlay-color":"","overlay-opacity":"","overlay-gradient":""},"mobile":{"background-color":"","background-image":"","background-repeat":"repeat","background-position":"center center","background-size":"auto","background-attachment":"scroll","background-type":"","background-media":"","overlay-type":"","overlay-color":"","overlay-opacity":"","overlay-gradient":""}},"ast-content-background-meta":{"desktop":{"background-color":"var(--ast-global-color-4)","background-image":"","background-repeat":"repeat","background-position":"center center","background-size":"auto","background-attachment":"scroll","background-type":"","background-media":"","overlay-type":"","overlay-color":"","overlay-opacity":"","overlay-gradient":""},"tablet":{"background-color":"var(--ast-global-color-4)","background-image":"","background-repeat":"repeat","background-position":"center center","background-size":"auto","background-attachment":"scroll","background-type":"","background-media":"","overlay-type":"","overlay-color":"","overlay-opacity":"","overlay-gradient":""},"mobile":{"background-color":"var(--ast-global-color-4)","background-image":"","background-repeat":"repeat","background-position":"center center","background-size":"auto","background-attachment":"scroll","background-type":"","background-media":"","overlay-type":"","overlay-color":"","overlay-opacity":"","overlay-gradient":""}}},"product_brand":[561,560,558,559],"product_cat":[432],"product_tag":[496],"class_list":{"0":"post-18851","1":"product","2":"type-product","3":"status-publish","4":"has-post-thumbnail","6":"product_brand-glutenfrei","7":"product_brand-laktosefrei","8":"product_brand-vegan-de","9":"product_brand-vegetarisch","10":"product_cat-arabische-kuche","11":"product_tag-freekeh-de","12":"desktop-align-left","13":"tablet-align-left","14":"mobile-align-left","16":"first","17":"instock","18":"shipping-taxable","19":"product-type-simple"},"acf":[],"_links":{"self":[{"href":"https:\/\/baladnaholding.com\/de\/wp-json\/wp\/v2\/product\/18851","targetHints":{"allow":["GET"]}}],"collection":[{"href":"https:\/\/baladnaholding.com\/de\/wp-json\/wp\/v2\/product"}],"about":[{"href":"https:\/\/baladnaholding.com\/de\/wp-json\/wp\/v2\/types\/product"}],"version-history":[{"count":3,"href":"https:\/\/baladnaholding.com\/de\/wp-json\/wp\/v2\/product\/18851\/revisions"}],"predecessor-version":[{"id":22723,"href":"https:\/\/baladnaholding.com\/de\/wp-json\/wp\/v2\/product\/18851\/revisions\/22723"}],"wp:featuredmedia":[{"embeddable":true,"href":"https:\/\/baladnaholding.com\/de\/wp-json\/wp\/v2\/media\/18853"}],"wp:attachment":[{"href":"https:\/\/baladnaholding.com\/de\/wp-json\/wp\/v2\/media?parent=18851"}],"wp:term":[{"taxonomy":"product_brand","embeddable":true,"href":"https:\/\/baladnaholding.com\/de\/wp-json\/wp\/v2\/product_brand?post=18851"},{"taxonomy":"product_cat","embeddable":true,"href":"https:\/\/baladnaholding.com\/de\/wp-json\/wp\/v2\/product_cat?post=18851"},{"taxonomy":"product_tag","embeddable":true,"href":"https:\/\/baladnaholding.com\/de\/wp-json\/wp\/v2\/product_tag?post=18851"}],"curies":[{"name":"wp","href":"https:\/\/api.w.org\/{rel}","templated":true}]}}