{"id":18775,"date":"2025-05-22T16:47:57","date_gmt":"2025-05-22T16:47:57","guid":{"rendered":"https:\/\/baladnaholding.com\/\u0645\u0646\u062a\u062c\u0627\u062a\u0646\u0627\/unkategorisiert\/baladna-getrocknete-auberginen-orientalisch-60-g\/"},"modified":"2025-07-05T21:21:09","modified_gmt":"2025-07-05T21:21:09","slug":"baladna-getrocknete-auberginen-orientalisch-60-g","status":"publish","type":"product","link":"https:\/\/baladnaholding.com\/de\/products\/arabische-kuche\/baladna-getrocknete-auberginen-orientalisch-60-g\/","title":{"rendered":"Baladna  Getrocknete Auberginen &#8211; Orientalisch 60 g"},"content":{"rendered":"<p>* Die Trocknung von Gem\u00fcse basiert auf der Idee, frische Produkte zu ernten und unter der Hitze der Sonne nach der traditionellen Methode, die seit Jahrtausenden angewendet wird, zu trocknen und danach an einem k\u00fchlen, trockenen Ort zu lagern, damit sie das ganze Jahr \u00fcber verwendet werden k\u00f6nnen, da sie als Rohmaterial f\u00fcr die Zubereitung vieler k\u00f6stlicher Gerichte verwendet werden. * Vor der Zubereitung werden sie immer in hei\u00dfem Wasser eingeweicht und danach gr\u00fcndlich gewaschen. *  Anschlie\u00dfend werden sie gef\u00fcllt. *  Die F\u00fcllung besteht aus Reis, einigen aromatischen Orientalischen Gew\u00fcrzen sowie Tomatenmark, Fleisch oder Gem\u00fcse (je nach Wunsch). *  Die gef\u00fcllten Gem\u00fcse werden in einer k\u00f6stlichen Br\u00fche mit Tomatenmark gekocht.  <\/p>\n","protected":false},"excerpt":{"rendered":"<p>&#8222;\u0645\u062c\u0641\u0641\u0627\u062a \u0641\u0627\u062e\u0631\u0629 \u0639\u0644\u0649 \u0627\u0644\u0637\u0631\u064a\u0642\u0629 \u0627\u0644\u0628\u064a\u062a\u0648\u062a\u064a\u0629&#8220;<\/p>\n","protected":false},"featured_media":18779,"template":"","meta":{"_acf_changed":false,"site-sidebar-layout":"default","site-content-layout":"","ast-site-content-layout":"default","site-content-style":"default","site-sidebar-style":"default","ast-global-header-display":"","ast-banner-title-visibility":"","ast-main-header-display":"","ast-hfb-above-header-display":"","ast-hfb-below-header-display":"","ast-hfb-mobile-header-display":"","site-post-title":"","ast-breadcrumbs-content":"","ast-featured-img":"","footer-sml-layout":"","theme-transparent-header-meta":"default","adv-header-id-meta":"","stick-header-meta":"","header-above-stick-meta":"","header-main-stick-meta":"","header-below-stick-meta":"","astra-migrate-meta-layouts":"default","ast-page-background-enabled":"default","ast-page-background-meta":{"desktop":{"background-color":"var(--ast-global-color-5)","background-image":"","background-repeat":"repeat","background-position":"center center","background-size":"auto","background-attachment":"scroll","background-type":"","background-media":"","overlay-type":"","overlay-color":"","overlay-opacity":"","overlay-gradient":""},"tablet":{"background-color":"","background-image":"","background-repeat":"repeat","background-position":"center center","background-size":"auto","background-attachment":"scroll","background-type":"","background-media":"","overlay-type":"","overlay-color":"","overlay-opacity":"","overlay-gradient":""},"mobile":{"background-color":"","background-image":"","background-repeat":"repeat","background-position":"center center","background-size":"auto","background-attachment":"scroll","background-type":"","background-media":"","overlay-type":"","overlay-color":"","overlay-opacity":"","overlay-gradient":""}},"ast-content-background-meta":{"desktop":{"background-color":"var(--ast-global-color-4)","background-image":"","background-repeat":"repeat","background-position":"center center","background-size":"auto","background-attachment":"scroll","background-type":"","background-media":"","overlay-type":"","overlay-color":"","overlay-opacity":"","overlay-gradient":""},"tablet":{"background-color":"var(--ast-global-color-4)","background-image":"","background-repeat":"repeat","background-position":"center center","background-size":"auto","background-attachment":"scroll","background-type":"","background-media":"","overlay-type":"","overlay-color":"","overlay-opacity":"","overlay-gradient":""},"mobile":{"background-color":"var(--ast-global-color-4)","background-image":"","background-repeat":"repeat","background-position":"center center","background-size":"auto","background-attachment":"scroll","background-type":"","background-media":"","overlay-type":"","overlay-color":"","overlay-opacity":"","overlay-gradient":""}}},"product_brand":[561,560,558,559],"product_cat":[432],"product_tag":[487],"class_list":{"0":"post-18775","1":"product","2":"type-product","3":"status-publish","4":"has-post-thumbnail","6":"product_brand-glutenfrei","7":"product_brand-laktosefrei","8":"product_brand-vegan-de","9":"product_brand-vegetarisch","10":"product_cat-arabische-kuche","11":"product_tag-getrocknete-auberginen","12":"desktop-align-left","13":"tablet-align-left","14":"mobile-align-left","16":"first","17":"instock","18":"shipping-taxable","19":"product-type-simple"},"acf":[],"_links":{"self":[{"href":"https:\/\/baladnaholding.com\/de\/wp-json\/wp\/v2\/product\/18775","targetHints":{"allow":["GET"]}}],"collection":[{"href":"https:\/\/baladnaholding.com\/de\/wp-json\/wp\/v2\/product"}],"about":[{"href":"https:\/\/baladnaholding.com\/de\/wp-json\/wp\/v2\/types\/product"}],"version-history":[{"count":2,"href":"https:\/\/baladnaholding.com\/de\/wp-json\/wp\/v2\/product\/18775\/revisions"}],"predecessor-version":[{"id":19684,"href":"https:\/\/baladnaholding.com\/de\/wp-json\/wp\/v2\/product\/18775\/revisions\/19684"}],"wp:featuredmedia":[{"embeddable":true,"href":"https:\/\/baladnaholding.com\/de\/wp-json\/wp\/v2\/media\/18779"}],"wp:attachment":[{"href":"https:\/\/baladnaholding.com\/de\/wp-json\/wp\/v2\/media?parent=18775"}],"wp:term":[{"taxonomy":"product_brand","embeddable":true,"href":"https:\/\/baladnaholding.com\/de\/wp-json\/wp\/v2\/product_brand?post=18775"},{"taxonomy":"product_cat","embeddable":true,"href":"https:\/\/baladnaholding.com\/de\/wp-json\/wp\/v2\/product_cat?post=18775"},{"taxonomy":"product_tag","embeddable":true,"href":"https:\/\/baladnaholding.com\/de\/wp-json\/wp\/v2\/product_tag?post=18775"}],"curies":[{"name":"wp","href":"https:\/\/api.w.org\/{rel}","templated":true}]}}