{"id":18761,"date":"2025-05-22T16:43:39","date_gmt":"2025-05-22T16:43:39","guid":{"rendered":"https:\/\/baladnaholding.com\/\u0645\u0646\u062a\u062c\u0627\u062a\u0646\u0627\/unkategorisiert\/baladna-trockene-malve-orientalisch-200-g\/"},"modified":"2025-09-23T14:03:27","modified_gmt":"2025-09-23T14:03:27","slug":"baladna-malvenblaetter-getrocknet-langkapselige-jute-orientalisch-200-g","status":"publish","type":"product","link":"https:\/\/baladnaholding.com\/de\/products\/arabische-kuche\/baladna-malvenblaetter-getrocknet-langkapselige-jute-orientalisch-200-g\/","title":{"rendered":"Baladna  Malvenbl\u00e4tter, getrocknet (Langkapselige Jute) &#8211; Orientalisch 200 g"},"content":{"rendered":"<p>* Baladna Molokhia ist eine der besten Sorten von Molokhia. * Es ist ein beliebtes Gericht in der Orientalischen Mittelmeerregion. * Die Pflanze gilt als charakteristisches Gem\u00fcse f\u00fcr diese K\u00fcche. * Einer ihrer Namen ist \u201eDie K\u00f6nigliche\u201c, da der K\u00f6nig 1805 ein Dekret erlie\u00df, das dem einfachen Volk den Verzehr von Molokhia verbot. * Der Verzehr des Gem\u00fcses wurde auf den damaligen K\u00f6nigspalast beschr\u00e4nkt. * So kam das Gem\u00fcse zu seinem k\u00f6niglichen Namen. * Malvenbl\u00e4tter werden vorsichtig mit Wasser gewaschen * Bei schwacher Hitze unter leichtem R\u00fchren 5 Minuten erhitzen * Fett zusetzen und 15 Minuten r\u00f6sten * Knoblauch und Koriander mit Fett in einer separaten Pfanne r\u00f6sten und zu der ger\u00f6steten Molokhia geben * Gekochtes Huhn und Wasser hinzuf\u00fcgen, bis das Wasser mit Molokhiabl\u00e4ttern bedeckt ist und nach Belieben Salz hinzuf\u00fcgen * Bei schwacher Hitze eine Stunde lang alle 10 Minuten umr\u00fchren * In den letzten 5 Minuten den Saft einer halben Zitrone hinzuf\u00fcgen und gut umr\u00fchren * Das Gericht ist servierfertig.<\/p>\n","protected":false},"excerpt":{"rendered":"<p>&#8222;\u0645\u0631\u0648\u064a\u0629 \u0628\u0645\u064a\u0627\u0647 \u0639\u0630\u0628\u0629 .. \u0645\u0646 \u0623\u0648\u0644 \u0642\u0637\u0641\u0629 .. \u0645\u062d\u0641\u0648\u0638\u0629 \u0628\u0639\u0646\u0627\u064a\u0629&#8220;<\/p>\n","protected":false},"featured_media":18763,"template":"","meta":{"_acf_changed":false,"site-sidebar-layout":"default","site-content-layout":"","ast-site-content-layout":"default","site-content-style":"default","site-sidebar-style":"default","ast-global-header-display":"","ast-banner-title-visibility":"","ast-main-header-display":"","ast-hfb-above-header-display":"","ast-hfb-below-header-display":"","ast-hfb-mobile-header-display":"","site-post-title":"","ast-breadcrumbs-content":"","ast-featured-img":"","footer-sml-layout":"","theme-transparent-header-meta":"default","adv-header-id-meta":"","stick-header-meta":"","header-above-stick-meta":"","header-main-stick-meta":"","header-below-stick-meta":"","astra-migrate-meta-layouts":"set","ast-page-background-enabled":"default","ast-page-background-meta":{"desktop":{"background-color":"var(--ast-global-color-5)","background-image":"","background-repeat":"repeat","background-position":"center center","background-size":"auto","background-attachment":"scroll","background-type":"","background-media":"","overlay-type":"","overlay-color":"","overlay-opacity":"","overlay-gradient":""},"tablet":{"background-color":"","background-image":"","background-repeat":"repeat","background-position":"center center","background-size":"auto","background-attachment":"scroll","background-type":"","background-media":"","overlay-type":"","overlay-color":"","overlay-opacity":"","overlay-gradient":""},"mobile":{"background-color":"","background-image":"","background-repeat":"repeat","background-position":"center center","background-size":"auto","background-attachment":"scroll","background-type":"","background-media":"","overlay-type":"","overlay-color":"","overlay-opacity":"","overlay-gradient":""}},"ast-content-background-meta":{"desktop":{"background-color":"var(--ast-global-color-4)","background-image":"","background-repeat":"repeat","background-position":"center center","background-size":"auto","background-attachment":"scroll","background-type":"","background-media":"","overlay-type":"","overlay-color":"","overlay-opacity":"","overlay-gradient":""},"tablet":{"background-color":"var(--ast-global-color-4)","background-image":"","background-repeat":"repeat","background-position":"center center","background-size":"auto","background-attachment":"scroll","background-type":"","background-media":"","overlay-type":"","overlay-color":"","overlay-opacity":"","overlay-gradient":""},"mobile":{"background-color":"var(--ast-global-color-4)","background-image":"","background-repeat":"repeat","background-position":"center center","background-size":"auto","background-attachment":"scroll","background-type":"","background-media":"","overlay-type":"","overlay-color":"","overlay-opacity":"","overlay-gradient":""}}},"product_brand":[561,560,558,559],"product_cat":[432],"product_tag":[491],"class_list":{"0":"post-18761","1":"product","2":"type-product","3":"status-publish","4":"has-post-thumbnail","6":"product_brand-glutenfrei","7":"product_brand-laktosefrei","8":"product_brand-vegan-de","9":"product_brand-vegetarisch","10":"product_cat-arabische-kuche","11":"product_tag-malvenblaetter-getrocknet","12":"desktop-align-left","13":"tablet-align-left","14":"mobile-align-left","16":"first","17":"instock","18":"shipping-taxable","19":"product-type-simple"},"acf":[],"_links":{"self":[{"href":"https:\/\/baladnaholding.com\/de\/wp-json\/wp\/v2\/product\/18761","targetHints":{"allow":["GET"]}}],"collection":[{"href":"https:\/\/baladnaholding.com\/de\/wp-json\/wp\/v2\/product"}],"about":[{"href":"https:\/\/baladnaholding.com\/de\/wp-json\/wp\/v2\/types\/product"}],"version-history":[{"count":4,"href":"https:\/\/baladnaholding.com\/de\/wp-json\/wp\/v2\/product\/18761\/revisions"}],"predecessor-version":[{"id":22722,"href":"https:\/\/baladnaholding.com\/de\/wp-json\/wp\/v2\/product\/18761\/revisions\/22722"}],"wp:featuredmedia":[{"embeddable":true,"href":"https:\/\/baladnaholding.com\/de\/wp-json\/wp\/v2\/media\/18763"}],"wp:attachment":[{"href":"https:\/\/baladnaholding.com\/de\/wp-json\/wp\/v2\/media?parent=18761"}],"wp:term":[{"taxonomy":"product_brand","embeddable":true,"href":"https:\/\/baladnaholding.com\/de\/wp-json\/wp\/v2\/product_brand?post=18761"},{"taxonomy":"product_cat","embeddable":true,"href":"https:\/\/baladnaholding.com\/de\/wp-json\/wp\/v2\/product_cat?post=18761"},{"taxonomy":"product_tag","embeddable":true,"href":"https:\/\/baladnaholding.com\/de\/wp-json\/wp\/v2\/product_tag?post=18761"}],"curies":[{"name":"wp","href":"https:\/\/api.w.org\/{rel}","templated":true}]}}