{"id":18756,"date":"2025-05-22T16:43:36","date_gmt":"2025-05-22T16:43:36","guid":{"rendered":"https:\/\/baladnaholding.com\/\u0645\u0646\u062a\u062c\u0627\u062a\u0646\u0627\/unkategorisiert\/baladna-dattelpaste-orientalisch-1000-g-2\/"},"modified":"2025-09-23T11:53:39","modified_gmt":"2025-09-23T11:53:39","slug":"baladna-dattelpaste-orientalisch-1000-g-2","status":"publish","type":"product","link":"https:\/\/baladnaholding.com\/de\/products\/datteln\/baladna-dattelpaste-orientalisch-1000-g-2\/","title":{"rendered":"Baladna Dattelpaste &#8211; Orientalisch 1000 g"},"content":{"rendered":"<p><span class=\"HwtZe\" lang=\"en\"><span class=\"jCAhz ChMk0b\"><span class=\"ryNqvb\">Die erstklassigen Datteln unseres Landes, die wir f\u00fcr Sie aus der frischen Ernte aus dem Land der Hijaz, aus dem Land der beiden Heiligen Moscheen, dem K\u00f6nigreich Saudi-Arabien, und aus den gesegneten Datteln, die der Gesandte Gottes, Mohammed, m\u00f6ge Gott ihn segnen und ihm Frieden gew\u00e4hren, empfohlen hat, ausgew\u00e4hlt haben<\/span><\/span> <span class=\"jCAhz ChMk0b\"><span class=\"ryNqvb\">Und sie wurde im Heiligen Koran erw\u00e4hnt, und Datteln gelten als ein integrales Nahrungsmittel, von dem die Araber als Hauptnahrungsmittel lebten, das sie mit der n\u00f6tigen Energie versorgte, und Datteln enthalten<\/span><\/span> <span class=\"jCAhz ChMk0b\"><span class=\"ryNqvb\">Viele wichtige N\u00e4hrstoffe f\u00fcr einen gesunden K\u00f6rper, vor allem<\/span><\/span> <span class=\"jCAhz ChMk0b\"><span class=\"ryNqvb\">Kalzium, Schwefel, Aminos\u00e4uren, Eisen, Kalium, Kupfer, Mangan, Magnesium, Phosphor, Ballaststoffe, Vitamine wie z.B.: B5, A1, B1, B2, B3, Monosaccharide (Glucose), Disaccharide (Saccharose), Fluor und andere<\/span><\/span><\/span><\/p>\n","protected":false},"excerpt":{"rendered":"<p>&#8222;\u062a\u0645\u0648\u0631 \u0628\u0644\u062f\u0646\u0627 \u0627\u0644\u0633\u0639\u0648\u062f\u064a\u0629 \u0627\u0644\u0641\u0627\u062e\u0631\u0629 \u0637\u0639\u0645\u0629 \u0645\u0627 \u0628\u062a\u0646\u0648\u0635\u0641 \u2728 \u062d\u0644\u0627\u0648\u0629 \u0637\u0628\u064a\u0639\u064a\u0629 \u0645\u0646 \u062e\u064a\u0631 \u0628\u0644\u0627\u062f \u0627\u0644\u062c\u0632\u064a\u0631\u0629&#8220;<\/p>\n","protected":false},"featured_media":18758,"template":"","meta":{"_acf_changed":false,"site-sidebar-layout":"default","site-content-layout":"","ast-site-content-layout":"default","site-content-style":"default","site-sidebar-style":"default","ast-global-header-display":"","ast-banner-title-visibility":"","ast-main-header-display":"","ast-hfb-above-header-display":"","ast-hfb-below-header-display":"","ast-hfb-mobile-header-display":"","site-post-title":"","ast-breadcrumbs-content":"","ast-featured-img":"","footer-sml-layout":"","theme-transparent-header-meta":"default","adv-header-id-meta":"","stick-header-meta":"","header-above-stick-meta":"","header-main-stick-meta":"","header-below-stick-meta":"","astra-migrate-meta-layouts":"set","ast-page-background-enabled":"default","ast-page-background-meta":{"desktop":{"background-color":"var(--ast-global-color-5)","background-image":"","background-repeat":"repeat","background-position":"center center","background-size":"auto","background-attachment":"scroll","background-type":"","background-media":"","overlay-type":"","overlay-color":"","overlay-opacity":"","overlay-gradient":""},"tablet":{"background-color":"","background-image":"","background-repeat":"repeat","background-position":"center center","background-size":"auto","background-attachment":"scroll","background-type":"","background-media":"","overlay-type":"","overlay-color":"","overlay-opacity":"","overlay-gradient":""},"mobile":{"background-color":"","background-image":"","background-repeat":"repeat","background-position":"center center","background-size":"auto","background-attachment":"scroll","background-type":"","background-media":"","overlay-type":"","overlay-color":"","overlay-opacity":"","overlay-gradient":""}},"ast-content-background-meta":{"desktop":{"background-color":"var(--ast-global-color-4)","background-image":"","background-repeat":"repeat","background-position":"center center","background-size":"auto","background-attachment":"scroll","background-type":"","background-media":"","overlay-type":"","overlay-color":"","overlay-opacity":"","overlay-gradient":""},"tablet":{"background-color":"var(--ast-global-color-4)","background-image":"","background-repeat":"repeat","background-position":"center center","background-size":"auto","background-attachment":"scroll","background-type":"","background-media":"","overlay-type":"","overlay-color":"","overlay-opacity":"","overlay-gradient":""},"mobile":{"background-color":"var(--ast-global-color-4)","background-image":"","background-repeat":"repeat","background-position":"center center","background-size":"auto","background-attachment":"scroll","background-type":"","background-media":"","overlay-type":"","overlay-color":"","overlay-opacity":"","overlay-gradient":""}}},"product_brand":[560],"product_cat":[433],"product_tag":[484],"class_list":{"0":"post-18756","1":"product","2":"type-product","3":"status-publish","4":"has-post-thumbnail","6":"product_brand-laktosefrei","7":"product_cat-datteln","8":"product_tag-dattelpaste","9":"desktop-align-left","10":"tablet-align-left","11":"mobile-align-left","13":"first","14":"instock","15":"shipping-taxable","16":"product-type-simple"},"acf":[],"_links":{"self":[{"href":"https:\/\/baladnaholding.com\/de\/wp-json\/wp\/v2\/product\/18756","targetHints":{"allow":["GET"]}}],"collection":[{"href":"https:\/\/baladnaholding.com\/de\/wp-json\/wp\/v2\/product"}],"about":[{"href":"https:\/\/baladnaholding.com\/de\/wp-json\/wp\/v2\/types\/product"}],"version-history":[{"count":2,"href":"https:\/\/baladnaholding.com\/de\/wp-json\/wp\/v2\/product\/18756\/revisions"}],"predecessor-version":[{"id":22311,"href":"https:\/\/baladnaholding.com\/de\/wp-json\/wp\/v2\/product\/18756\/revisions\/22311"}],"wp:featuredmedia":[{"embeddable":true,"href":"https:\/\/baladnaholding.com\/de\/wp-json\/wp\/v2\/media\/18758"}],"wp:attachment":[{"href":"https:\/\/baladnaholding.com\/de\/wp-json\/wp\/v2\/media?parent=18756"}],"wp:term":[{"taxonomy":"product_brand","embeddable":true,"href":"https:\/\/baladnaholding.com\/de\/wp-json\/wp\/v2\/product_brand?post=18756"},{"taxonomy":"product_cat","embeddable":true,"href":"https:\/\/baladnaholding.com\/de\/wp-json\/wp\/v2\/product_cat?post=18756"},{"taxonomy":"product_tag","embeddable":true,"href":"https:\/\/baladnaholding.com\/de\/wp-json\/wp\/v2\/product_tag?post=18756"}],"curies":[{"name":"wp","href":"https:\/\/api.w.org\/{rel}","templated":true}]}}