{"id":18697,"date":"2025-05-22T16:43:12","date_gmt":"2025-05-22T16:43:12","guid":{"rendered":"https:\/\/baladnaholding.com\/\u0645\u0646\u062a\u062c\u0627\u062a\u0646\u0627\/unkategorisiert\/baladna-fava-bohnen-mit-chili-orientalisch-400-g\/"},"modified":"2025-07-05T21:20:53","modified_gmt":"2025-07-05T21:20:53","slug":"baladna-fava-bohnen-mit-kreuzkuemmel-und-chili-orientalisch-400-g","status":"publish","type":"product","link":"https:\/\/baladnaholding.com\/de\/products\/vorspeisen\/baladna-fava-bohnen-mit-kreuzkuemmel-und-chili-orientalisch-400-g\/","title":{"rendered":"Baladna Fava Bohnen mit Kreuzk\u00fcmmel und Chili &#8211; Orientalisch 400 g"},"content":{"rendered":"<p>* Bohnen gelten als eines der beliebtesten Gerichte in der Orientalischen und \u00f6stlichen Region. * Sie werden von alten, jungen, reichen und armen Menschen gegessen. * In einigen Orientalischen L\u00e4ndern gilt sie als t\u00e4gliche Hauptmahlzeit. * Sie sind verzehrfertig und ben\u00f6tigen keine Vorbereitung. * Gew\u00f6hnlich werden sie in einer Schale serviert, der man etwas Oliven\u00f6l und daneben etwas Gem\u00fcse (Tomate, Minze, Petersilie) beigegeben kann. * Nach Zugabe von Oliven\u00f6l, Zwiebeln und einigen Tomaten (je nach Wunsch) wird es als Salatgericht serviert.  <\/p>\n","protected":false},"excerpt":{"rendered":"<p>&#8222;\u0637\u0628\u0642 \u0641\u0648\u0644 \u0641\u0627\u062e\u0631 \u0639\u0644\u0649 \u0623\u0635\u0648\u0644\u0647&#8220;<\/p>\n","protected":false},"featured_media":19573,"template":"","meta":{"_acf_changed":false,"site-sidebar-layout":"default","site-content-layout":"","ast-site-content-layout":"default","site-content-style":"default","site-sidebar-style":"default","ast-global-header-display":"","ast-banner-title-visibility":"","ast-main-header-display":"","ast-hfb-above-header-display":"","ast-hfb-below-header-display":"","ast-hfb-mobile-header-display":"","site-post-title":"","ast-breadcrumbs-content":"","ast-featured-img":"","footer-sml-layout":"","theme-transparent-header-meta":"default","adv-header-id-meta":"","stick-header-meta":"","header-above-stick-meta":"","header-main-stick-meta":"","header-below-stick-meta":"","astra-migrate-meta-layouts":"default","ast-page-background-enabled":"default","ast-page-background-meta":{"desktop":{"background-color":"var(--ast-global-color-5)","background-image":"","background-repeat":"repeat","background-position":"center center","background-size":"auto","background-attachment":"scroll","background-type":"","background-media":"","overlay-type":"","overlay-color":"","overlay-opacity":"","overlay-gradient":""},"tablet":{"background-color":"","background-image":"","background-repeat":"repeat","background-position":"center center","background-size":"auto","background-attachment":"scroll","background-type":"","background-media":"","overlay-type":"","overlay-color":"","overlay-opacity":"","overlay-gradient":""},"mobile":{"background-color":"","background-image":"","background-repeat":"repeat","background-position":"center center","background-size":"auto","background-attachment":"scroll","background-type":"","background-media":"","overlay-type":"","overlay-color":"","overlay-opacity":"","overlay-gradient":""}},"ast-content-background-meta":{"desktop":{"background-color":"var(--ast-global-color-4)","background-image":"","background-repeat":"repeat","background-position":"center center","background-size":"auto","background-attachment":"scroll","background-type":"","background-media":"","overlay-type":"","overlay-color":"","overlay-opacity":"","overlay-gradient":""},"tablet":{"background-color":"var(--ast-global-color-4)","background-image":"","background-repeat":"repeat","background-position":"center center","background-size":"auto","background-attachment":"scroll","background-type":"","background-media":"","overlay-type":"","overlay-color":"","overlay-opacity":"","overlay-gradient":""},"mobile":{"background-color":"var(--ast-global-color-4)","background-image":"","background-repeat":"repeat","background-position":"center center","background-size":"auto","background-attachment":"scroll","background-type":"","background-media":"","overlay-type":"","overlay-color":"","overlay-opacity":"","overlay-gradient":""}}},"product_brand":[561,560,558,559],"product_cat":[437],"product_tag":[495],"class_list":{"0":"post-18697","1":"product","2":"type-product","3":"status-publish","4":"has-post-thumbnail","6":"product_brand-glutenfrei","7":"product_brand-laktosefrei","8":"product_brand-vegan-de","9":"product_brand-vegetarisch","10":"product_cat-vorspeisen","11":"product_tag-fava-bohnen","12":"desktop-align-left","13":"tablet-align-left","14":"mobile-align-left","16":"first","17":"instock","18":"shipping-taxable","19":"product-type-simple"},"acf":[],"_links":{"self":[{"href":"https:\/\/baladnaholding.com\/de\/wp-json\/wp\/v2\/product\/18697","targetHints":{"allow":["GET"]}}],"collection":[{"href":"https:\/\/baladnaholding.com\/de\/wp-json\/wp\/v2\/product"}],"about":[{"href":"https:\/\/baladnaholding.com\/de\/wp-json\/wp\/v2\/types\/product"}],"version-history":[{"count":2,"href":"https:\/\/baladnaholding.com\/de\/wp-json\/wp\/v2\/product\/18697\/revisions"}],"predecessor-version":[{"id":19592,"href":"https:\/\/baladnaholding.com\/de\/wp-json\/wp\/v2\/product\/18697\/revisions\/19592"}],"wp:featuredmedia":[{"embeddable":true,"href":"https:\/\/baladnaholding.com\/de\/wp-json\/wp\/v2\/media\/19573"}],"wp:attachment":[{"href":"https:\/\/baladnaholding.com\/de\/wp-json\/wp\/v2\/media?parent=18697"}],"wp:term":[{"taxonomy":"product_brand","embeddable":true,"href":"https:\/\/baladnaholding.com\/de\/wp-json\/wp\/v2\/product_brand?post=18697"},{"taxonomy":"product_cat","embeddable":true,"href":"https:\/\/baladnaholding.com\/de\/wp-json\/wp\/v2\/product_cat?post=18697"},{"taxonomy":"product_tag","embeddable":true,"href":"https:\/\/baladnaholding.com\/de\/wp-json\/wp\/v2\/product_tag?post=18697"}],"curies":[{"name":"wp","href":"https:\/\/api.w.org\/{rel}","templated":true}]}}