{"id":18593,"date":"2025-05-22T16:49:54","date_gmt":"2025-05-22T16:49:54","guid":{"rendered":"https:\/\/baladnaholding.com\/\u0645\u0646\u062a\u062c\u0627\u062a\u0646\u0627\/unkategorisiert\/baladna-camolino-reis-orientalisch-4000-g\/"},"modified":"2025-09-23T13:06:51","modified_gmt":"2025-09-23T13:06:51","slug":"baladna-camolino-reis-orientalisch-4000-g","status":"publish","type":"product","link":"https:\/\/baladnaholding.com\/de\/products\/reis\/baladna-camolino-reis-orientalisch-4000-g\/","title":{"rendered":"Baladna Camolino-Reis &#8211; Orientalisch 4000 g"},"content":{"rendered":"<p>* Sie werden sorgf\u00e4ltig aus den frischen landwirtschaftlichen Nutzpflanzen der L\u00e4nder, aus denen sie stammen, ausgew\u00e4hlt . * Die H\u00fclsenfr\u00fcchte werden sorgf\u00e4ltig verpackt und in verschiedenen Gr\u00f6\u00dfen angeboten, darunter 1 kg, 5 kg und 25 kg.<\/p>\n","protected":false},"excerpt":{"rendered":"<p>&#8222;\u0628\u0642\u0648\u0644\u064a\u0627\u062a \u0641\u0627\u062e\u0631\u0629 .. \u0645\u0646\u0642\u0627\u064a\u0629 \u062d\u0628\u0629 \u062d\u0628\u0629&#8220;<\/p>\n","protected":false},"featured_media":18594,"template":"","meta":{"_acf_changed":false,"site-sidebar-layout":"default","site-content-layout":"","ast-site-content-layout":"default","site-content-style":"default","site-sidebar-style":"default","ast-global-header-display":"","ast-banner-title-visibility":"","ast-main-header-display":"","ast-hfb-above-header-display":"","ast-hfb-below-header-display":"","ast-hfb-mobile-header-display":"","site-post-title":"","ast-breadcrumbs-content":"","ast-featured-img":"","footer-sml-layout":"","theme-transparent-header-meta":"default","adv-header-id-meta":"","stick-header-meta":"","header-above-stick-meta":"","header-main-stick-meta":"","header-below-stick-meta":"","astra-migrate-meta-layouts":"set","ast-page-background-enabled":"default","ast-page-background-meta":{"desktop":{"background-color":"var(--ast-global-color-5)","background-image":"","background-repeat":"repeat","background-position":"center center","background-size":"auto","background-attachment":"scroll","background-type":"","background-media":"","overlay-type":"","overlay-color":"","overlay-opacity":"","overlay-gradient":""},"tablet":{"background-color":"","background-image":"","background-repeat":"repeat","background-position":"center center","background-size":"auto","background-attachment":"scroll","background-type":"","background-media":"","overlay-type":"","overlay-color":"","overlay-opacity":"","overlay-gradient":""},"mobile":{"background-color":"","background-image":"","background-repeat":"repeat","background-position":"center center","background-size":"auto","background-attachment":"scroll","background-type":"","background-media":"","overlay-type":"","overlay-color":"","overlay-opacity":"","overlay-gradient":""}},"ast-content-background-meta":{"desktop":{"background-color":"var(--ast-global-color-4)","background-image":"","background-repeat":"repeat","background-position":"center center","background-size":"auto","background-attachment":"scroll","background-type":"","background-media":"","overlay-type":"","overlay-color":"","overlay-opacity":"","overlay-gradient":""},"tablet":{"background-color":"var(--ast-global-color-4)","background-image":"","background-repeat":"repeat","background-position":"center center","background-size":"auto","background-attachment":"scroll","background-type":"","background-media":"","overlay-type":"","overlay-color":"","overlay-opacity":"","overlay-gradient":""},"mobile":{"background-color":"var(--ast-global-color-4)","background-image":"","background-repeat":"repeat","background-position":"center center","background-size":"auto","background-attachment":"scroll","background-type":"","background-media":"","overlay-type":"","overlay-color":"","overlay-opacity":"","overlay-gradient":""}}},"product_brand":[560],"product_cat":[440],"product_tag":[530],"class_list":{"0":"post-18593","1":"product","2":"type-product","3":"status-publish","4":"has-post-thumbnail","6":"product_brand-laktosefrei","7":"product_cat-reis","8":"product_tag-reis","9":"desktop-align-left","10":"tablet-align-left","11":"mobile-align-left","13":"first","14":"instock","15":"shipping-taxable","16":"product-type-simple"},"acf":[],"_links":{"self":[{"href":"https:\/\/baladnaholding.com\/de\/wp-json\/wp\/v2\/product\/18593","targetHints":{"allow":["GET"]}}],"collection":[{"href":"https:\/\/baladnaholding.com\/de\/wp-json\/wp\/v2\/product"}],"about":[{"href":"https:\/\/baladnaholding.com\/de\/wp-json\/wp\/v2\/types\/product"}],"version-history":[{"count":3,"href":"https:\/\/baladnaholding.com\/de\/wp-json\/wp\/v2\/product\/18593\/revisions"}],"predecessor-version":[{"id":22561,"href":"https:\/\/baladnaholding.com\/de\/wp-json\/wp\/v2\/product\/18593\/revisions\/22561"}],"wp:featuredmedia":[{"embeddable":true,"href":"https:\/\/baladnaholding.com\/de\/wp-json\/wp\/v2\/media\/18594"}],"wp:attachment":[{"href":"https:\/\/baladnaholding.com\/de\/wp-json\/wp\/v2\/media?parent=18593"}],"wp:term":[{"taxonomy":"product_brand","embeddable":true,"href":"https:\/\/baladnaholding.com\/de\/wp-json\/wp\/v2\/product_brand?post=18593"},{"taxonomy":"product_cat","embeddable":true,"href":"https:\/\/baladnaholding.com\/de\/wp-json\/wp\/v2\/product_cat?post=18593"},{"taxonomy":"product_tag","embeddable":true,"href":"https:\/\/baladnaholding.com\/de\/wp-json\/wp\/v2\/product_tag?post=18593"}],"curies":[{"name":"wp","href":"https:\/\/api.w.org\/{rel}","templated":true}]}}