{"id":18480,"date":"2025-05-22T16:49:22","date_gmt":"2025-05-22T16:49:22","guid":{"rendered":"https:\/\/baladnaholding.com\/\u0645\u0646\u062a\u062c\u0627\u062a\u0646\u0627\/unkategorisiert\/baladna-gruene-oliven-gefuellt-mit-zitrone-orientalisch-660-g\/"},"modified":"2025-07-05T21:19:37","modified_gmt":"2025-07-05T21:19:37","slug":"baladna-gruene-oliven-gefuellt-mit-zitrone-orientalisch-660-g","status":"publish","type":"product","link":"https:\/\/baladnaholding.com\/de\/products\/oliven\/baladna-gruene-oliven-gefuellt-mit-zitrone-orientalisch-660-g\/","title":{"rendered":"Baladna Gr\u00fcne Oliven gef\u00fcllt mit Zitrone &#8211; Orientalisch 660 g"},"content":{"rendered":"<p>* Baladna zeichnet sich durch ein gro\u00dfes Angebot an wunderbaren Gew\u00fcrzen aus, die frisch aus den besten Ernten neuer Gew\u00fcrze gewonnen werden. * Einige von ihnen eignen sich f\u00fcr die Salatzubereitung, andere wiederum sind feine Zugaben f\u00fcr gekochte Gerichte.  <\/p>\n","protected":false},"excerpt":{"rendered":"<p>* Baladna zeichnet sich durch ein gro\u00dfes Angebot an wunderbaren Gew\u00fcrzen aus, die frisch aus den besten Ernten neuer Gew\u00fcrze [&hellip;]<\/p>\n","protected":false},"featured_media":18482,"template":"","meta":{"_acf_changed":false,"site-sidebar-layout":"default","site-content-layout":"","ast-site-content-layout":"default","site-content-style":"default","site-sidebar-style":"default","ast-global-header-display":"","ast-banner-title-visibility":"","ast-main-header-display":"","ast-hfb-above-header-display":"","ast-hfb-below-header-display":"","ast-hfb-mobile-header-display":"","site-post-title":"","ast-breadcrumbs-content":"","ast-featured-img":"","footer-sml-layout":"","theme-transparent-header-meta":"default","adv-header-id-meta":"","stick-header-meta":"","header-above-stick-meta":"","header-main-stick-meta":"","header-below-stick-meta":"","astra-migrate-meta-layouts":"default","ast-page-background-enabled":"default","ast-page-background-meta":{"desktop":{"background-color":"var(--ast-global-color-5)","background-image":"","background-repeat":"repeat","background-position":"center center","background-size":"auto","background-attachment":"scroll","background-type":"","background-media":"","overlay-type":"","overlay-color":"","overlay-opacity":"","overlay-gradient":""},"tablet":{"background-color":"","background-image":"","background-repeat":"repeat","background-position":"center center","background-size":"auto","background-attachment":"scroll","background-type":"","background-media":"","overlay-type":"","overlay-color":"","overlay-opacity":"","overlay-gradient":""},"mobile":{"background-color":"","background-image":"","background-repeat":"repeat","background-position":"center center","background-size":"auto","background-attachment":"scroll","background-type":"","background-media":"","overlay-type":"","overlay-color":"","overlay-opacity":"","overlay-gradient":""}},"ast-content-background-meta":{"desktop":{"background-color":"var(--ast-global-color-4)","background-image":"","background-repeat":"repeat","background-position":"center center","background-size":"auto","background-attachment":"scroll","background-type":"","background-media":"","overlay-type":"","overlay-color":"","overlay-opacity":"","overlay-gradient":""},"tablet":{"background-color":"var(--ast-global-color-4)","background-image":"","background-repeat":"repeat","background-position":"center center","background-size":"auto","background-attachment":"scroll","background-type":"","background-media":"","overlay-type":"","overlay-color":"","overlay-opacity":"","overlay-gradient":""},"mobile":{"background-color":"var(--ast-global-color-4)","background-image":"","background-repeat":"repeat","background-position":"center center","background-size":"auto","background-attachment":"scroll","background-type":"","background-media":"","overlay-type":"","overlay-color":"","overlay-opacity":"","overlay-gradient":""}}},"product_brand":[561,560,558,559],"product_cat":[435],"product_tag":[537],"class_list":{"0":"post-18480","1":"product","2":"type-product","3":"status-publish","4":"has-post-thumbnail","6":"product_brand-glutenfrei","7":"product_brand-laktosefrei","8":"product_brand-vegan-de","9":"product_brand-vegetarisch","10":"product_cat-oliven","11":"product_tag-oliven-gefullt","12":"desktop-align-left","13":"tablet-align-left","14":"mobile-align-left","16":"first","17":"instock","18":"shipping-taxable","19":"product-type-simple"},"acf":[],"_links":{"self":[{"href":"https:\/\/baladnaholding.com\/de\/wp-json\/wp\/v2\/product\/18480","targetHints":{"allow":["GET"]}}],"collection":[{"href":"https:\/\/baladnaholding.com\/de\/wp-json\/wp\/v2\/product"}],"about":[{"href":"https:\/\/baladnaholding.com\/de\/wp-json\/wp\/v2\/types\/product"}],"version-history":[{"count":2,"href":"https:\/\/baladnaholding.com\/de\/wp-json\/wp\/v2\/product\/18480\/revisions"}],"predecessor-version":[{"id":19532,"href":"https:\/\/baladnaholding.com\/de\/wp-json\/wp\/v2\/product\/18480\/revisions\/19532"}],"wp:featuredmedia":[{"embeddable":true,"href":"https:\/\/baladnaholding.com\/de\/wp-json\/wp\/v2\/media\/18482"}],"wp:attachment":[{"href":"https:\/\/baladnaholding.com\/de\/wp-json\/wp\/v2\/media?parent=18480"}],"wp:term":[{"taxonomy":"product_brand","embeddable":true,"href":"https:\/\/baladnaholding.com\/de\/wp-json\/wp\/v2\/product_brand?post=18480"},{"taxonomy":"product_cat","embeddable":true,"href":"https:\/\/baladnaholding.com\/de\/wp-json\/wp\/v2\/product_cat?post=18480"},{"taxonomy":"product_tag","embeddable":true,"href":"https:\/\/baladnaholding.com\/de\/wp-json\/wp\/v2\/product_tag?post=18480"}],"curies":[{"name":"wp","href":"https:\/\/api.w.org\/{rel}","templated":true}]}}