{"id":18151,"date":"2025-05-22T16:50:21","date_gmt":"2025-05-22T16:50:21","guid":{"rendered":"https:\/\/baladnaholding.com\/\u0645\u0646\u062a\u062c\u0627\u062a\u0646\u0627\/unkategorisiert\/baladna-extra-halva-mit-gemahlenen-pistazien-orientalisch-350-g\/"},"modified":"2025-07-05T21:17:54","modified_gmt":"2025-07-05T21:17:54","slug":"baladna-extra-halva-mit-gemahlenen-pistazien-bedeckt-orientalisch-350-g","status":"publish","type":"product","link":"https:\/\/baladnaholding.com\/de\/products\/halva-tahini-falafel-de\/baladna-extra-halva-mit-gemahlenen-pistazien-bedeckt-orientalisch-350-g\/","title":{"rendered":"Baladna Extra Halva mit gemahlenen Pistazien bedeckt &#8211; Orientalisch 350 g"},"content":{"rendered":"<p>* Halwa gilt als eines der wichtigsten Gerichte, das zum Fr\u00fchst\u00fcck serviert wird, vor allem f\u00fcr Kinder, da es hohe N\u00e4hrwerte enth\u00e4lt. *  Baladna Halwa ist mit k\u00f6stlichen gr\u00fcnen Pistazien bedeckt und wird aus den feinsten Arten von Tahini zubereitet, die auf Stein gepresst und aus den feinsten Sorten von sudanesischem Sesam extrahiert werden, die weltweit als die besten Sesamsorten bekannt sind. *  Tahini bildet mehr als die H\u00e4lfte der Zutaten von Halwa und wird in der alten traditionellen Weise zubereitet, die f\u00fcr die Orientalische Region ber\u00fchmt ist, um einen wunderbaren Geschmack zu bieten, der auf der Zunge zergeht.  <\/p>\n","protected":false},"excerpt":{"rendered":"<p>* Halwa gilt als eines der wichtigsten Gerichte, das zum Fr\u00fchst\u00fcck serviert wird, vor allem f\u00fcr Kinder, da es hohe [&hellip;]<\/p>\n","protected":false},"featured_media":19312,"template":"","meta":{"_acf_changed":false,"site-sidebar-layout":"default","site-content-layout":"","ast-site-content-layout":"default","site-content-style":"default","site-sidebar-style":"default","ast-global-header-display":"","ast-banner-title-visibility":"","ast-main-header-display":"","ast-hfb-above-header-display":"","ast-hfb-below-header-display":"","ast-hfb-mobile-header-display":"","site-post-title":"","ast-breadcrumbs-content":"","ast-featured-img":"","footer-sml-layout":"","theme-transparent-header-meta":"default","adv-header-id-meta":"","stick-header-meta":"","header-above-stick-meta":"","header-main-stick-meta":"","header-below-stick-meta":"","astra-migrate-meta-layouts":"default","ast-page-background-enabled":"default","ast-page-background-meta":{"desktop":{"background-color":"var(--ast-global-color-5)","background-image":"","background-repeat":"repeat","background-position":"center center","background-size":"auto","background-attachment":"scroll","background-type":"","background-media":"","overlay-type":"","overlay-color":"","overlay-opacity":"","overlay-gradient":""},"tablet":{"background-color":"","background-image":"","background-repeat":"repeat","background-position":"center center","background-size":"auto","background-attachment":"scroll","background-type":"","background-media":"","overlay-type":"","overlay-color":"","overlay-opacity":"","overlay-gradient":""},"mobile":{"background-color":"","background-image":"","background-repeat":"repeat","background-position":"center center","background-size":"auto","background-attachment":"scroll","background-type":"","background-media":"","overlay-type":"","overlay-color":"","overlay-opacity":"","overlay-gradient":""}},"ast-content-background-meta":{"desktop":{"background-color":"var(--ast-global-color-4)","background-image":"","background-repeat":"repeat","background-position":"center center","background-size":"auto","background-attachment":"scroll","background-type":"","background-media":"","overlay-type":"","overlay-color":"","overlay-opacity":"","overlay-gradient":""},"tablet":{"background-color":"var(--ast-global-color-4)","background-image":"","background-repeat":"repeat","background-position":"center center","background-size":"auto","background-attachment":"scroll","background-type":"","background-media":"","overlay-type":"","overlay-color":"","overlay-opacity":"","overlay-gradient":""},"mobile":{"background-color":"var(--ast-global-color-4)","background-image":"","background-repeat":"repeat","background-position":"center center","background-size":"auto","background-attachment":"scroll","background-type":"","background-media":"","overlay-type":"","overlay-color":"","overlay-opacity":"","overlay-gradient":""}}},"product_brand":[561,560,559],"product_cat":[434],"product_tag":[542],"class_list":{"0":"post-18151","1":"product","2":"type-product","3":"status-publish","4":"has-post-thumbnail","6":"product_brand-glutenfrei","7":"product_brand-laktosefrei","8":"product_brand-vegetarisch","9":"product_cat-halva-tahini-falafel-de","10":"product_tag-tahini-halva-de","11":"desktop-align-left","12":"tablet-align-left","13":"mobile-align-left","15":"first","16":"instock","17":"shipping-taxable","18":"product-type-simple"},"acf":[],"_links":{"self":[{"href":"https:\/\/baladnaholding.com\/de\/wp-json\/wp\/v2\/product\/18151","targetHints":{"allow":["GET"]}}],"collection":[{"href":"https:\/\/baladnaholding.com\/de\/wp-json\/wp\/v2\/product"}],"about":[{"href":"https:\/\/baladnaholding.com\/de\/wp-json\/wp\/v2\/types\/product"}],"version-history":[{"count":2,"href":"https:\/\/baladnaholding.com\/de\/wp-json\/wp\/v2\/product\/18151\/revisions"}],"predecessor-version":[{"id":19319,"href":"https:\/\/baladnaholding.com\/de\/wp-json\/wp\/v2\/product\/18151\/revisions\/19319"}],"wp:featuredmedia":[{"embeddable":true,"href":"https:\/\/baladnaholding.com\/de\/wp-json\/wp\/v2\/media\/19312"}],"wp:attachment":[{"href":"https:\/\/baladnaholding.com\/de\/wp-json\/wp\/v2\/media?parent=18151"}],"wp:term":[{"taxonomy":"product_brand","embeddable":true,"href":"https:\/\/baladnaholding.com\/de\/wp-json\/wp\/v2\/product_brand?post=18151"},{"taxonomy":"product_cat","embeddable":true,"href":"https:\/\/baladnaholding.com\/de\/wp-json\/wp\/v2\/product_cat?post=18151"},{"taxonomy":"product_tag","embeddable":true,"href":"https:\/\/baladnaholding.com\/de\/wp-json\/wp\/v2\/product_tag?post=18151"}],"curies":[{"name":"wp","href":"https:\/\/api.w.org\/{rel}","templated":true}]}}