{"id":17982,"date":"2025-05-22T16:51:42","date_gmt":"2025-05-22T16:51:42","guid":{"rendered":"https:\/\/baladnaholding.com\/\u0645\u0646\u062a\u062c\u0627\u062a\u0646\u0627\/unkategorisiert\/baladna-geschnittene-gruene-rote-jalapenos-scharf-orientalisch-2650-g\/"},"modified":"2025-09-23T14:23:58","modified_gmt":"2025-09-23T14:23:58","slug":"baladna-gruene-rot-jalapenos-in-scheiben-scharf-orientalisch-2650-g","status":"publish","type":"product","link":"https:\/\/baladnaholding.com\/de\/products\/gewurzgurken\/baladna-gruene-rot-jalapenos-in-scheiben-scharf-orientalisch-2650-g\/","title":{"rendered":"Baladna Gr\u00fcne &#038; Rot Jalape\u00f1os in Scheiben, Scharf &#8211; Orientalisch 2650 g"},"content":{"rendered":"<p>* Eingelegtes Gem\u00fcse ist eine Beilage, die in der Kultur der Orientalischen und orientalischen K\u00fcche auf den meisten Tischen zu den meisten Mahlzeiten vorkommt und sich durch ihren sauren und salzigen Geschmack auszeichnet. * Sie werden aus verschiedenen Gem\u00fcsesorten hergestellt, von denen die wichtigsten Gurken, Wildgurken, Paprika, Kohl und andere Gem\u00fcsesorten sind. * Eingelegtes Gem\u00fcse gibt es in ganzen oder gehackten St\u00fccken und werden auch als Hauptzutat f\u00fcr Sandwiches verwendet. * Das eingelegte Gem\u00fcse kann mit einem Teller neben dem Essen serviert werden. * Es kann auch als ganzes Gericht oder in kleinen St\u00fccken oder Scheiben serviert werden. * Es wird zum innovativen Snack, indem man es in Scheiben schneidet und etwas \u00d6l, Kreuzk\u00fcmmel und fein gehackte Zwiebeln (je nach Wunsch) hinzuf\u00fcgt. * Mit frischen gehackten Tomaten wird es eine delikate Salatvariation.<\/p>\n","protected":false},"excerpt":{"rendered":"<p>* Eingelegtes Gem\u00fcse ist eine Beilage, die in der Kultur der Orientalischen und orientalischen K\u00fcche auf den meisten Tischen zu [&hellip;]<\/p>\n","protected":false},"featured_media":17984,"template":"","meta":{"_acf_changed":false,"site-sidebar-layout":"default","site-content-layout":"","ast-site-content-layout":"default","site-content-style":"default","site-sidebar-style":"default","ast-global-header-display":"","ast-banner-title-visibility":"","ast-main-header-display":"","ast-hfb-above-header-display":"","ast-hfb-below-header-display":"","ast-hfb-mobile-header-display":"","site-post-title":"","ast-breadcrumbs-content":"","ast-featured-img":"","footer-sml-layout":"","theme-transparent-header-meta":"default","adv-header-id-meta":"","stick-header-meta":"","header-above-stick-meta":"","header-main-stick-meta":"","header-below-stick-meta":"","astra-migrate-meta-layouts":"set","ast-page-background-enabled":"default","ast-page-background-meta":{"desktop":{"background-color":"var(--ast-global-color-5)","background-image":"","background-repeat":"repeat","background-position":"center center","background-size":"auto","background-attachment":"scroll","background-type":"","background-media":"","overlay-type":"","overlay-color":"","overlay-opacity":"","overlay-gradient":""},"tablet":{"background-color":"","background-image":"","background-repeat":"repeat","background-position":"center center","background-size":"auto","background-attachment":"scroll","background-type":"","background-media":"","overlay-type":"","overlay-color":"","overlay-opacity":"","overlay-gradient":""},"mobile":{"background-color":"","background-image":"","background-repeat":"repeat","background-position":"center center","background-size":"auto","background-attachment":"scroll","background-type":"","background-media":"","overlay-type":"","overlay-color":"","overlay-opacity":"","overlay-gradient":""}},"ast-content-background-meta":{"desktop":{"background-color":"var(--ast-global-color-4)","background-image":"","background-repeat":"repeat","background-position":"center center","background-size":"auto","background-attachment":"scroll","background-type":"","background-media":"","overlay-type":"","overlay-color":"","overlay-opacity":"","overlay-gradient":""},"tablet":{"background-color":"var(--ast-global-color-4)","background-image":"","background-repeat":"repeat","background-position":"center center","background-size":"auto","background-attachment":"scroll","background-type":"","background-media":"","overlay-type":"","overlay-color":"","overlay-opacity":"","overlay-gradient":""},"mobile":{"background-color":"var(--ast-global-color-4)","background-image":"","background-repeat":"repeat","background-position":"center center","background-size":"auto","background-attachment":"scroll","background-type":"","background-media":"","overlay-type":"","overlay-color":"","overlay-opacity":"","overlay-gradient":""}}},"product_brand":[561,560,559],"product_cat":[438],"product_tag":[503],"class_list":{"0":"post-17982","1":"product","2":"type-product","3":"status-publish","4":"has-post-thumbnail","6":"product_brand-glutenfrei","7":"product_brand-laktosefrei","8":"product_brand-vegetarisch","9":"product_cat-gewurzgurken","10":"product_tag-jalapenos-de","11":"desktop-align-left","12":"tablet-align-left","13":"mobile-align-left","15":"first","16":"instock","17":"shipping-taxable","18":"product-type-simple"},"acf":[],"_links":{"self":[{"href":"https:\/\/baladnaholding.com\/de\/wp-json\/wp\/v2\/product\/17982","targetHints":{"allow":["GET"]}}],"collection":[{"href":"https:\/\/baladnaholding.com\/de\/wp-json\/wp\/v2\/product"}],"about":[{"href":"https:\/\/baladnaholding.com\/de\/wp-json\/wp\/v2\/types\/product"}],"version-history":[{"count":3,"href":"https:\/\/baladnaholding.com\/de\/wp-json\/wp\/v2\/product\/17982\/revisions"}],"predecessor-version":[{"id":22878,"href":"https:\/\/baladnaholding.com\/de\/wp-json\/wp\/v2\/product\/17982\/revisions\/22878"}],"wp:featuredmedia":[{"embeddable":true,"href":"https:\/\/baladnaholding.com\/de\/wp-json\/wp\/v2\/media\/17984"}],"wp:attachment":[{"href":"https:\/\/baladnaholding.com\/de\/wp-json\/wp\/v2\/media?parent=17982"}],"wp:term":[{"taxonomy":"product_brand","embeddable":true,"href":"https:\/\/baladnaholding.com\/de\/wp-json\/wp\/v2\/product_brand?post=17982"},{"taxonomy":"product_cat","embeddable":true,"href":"https:\/\/baladnaholding.com\/de\/wp-json\/wp\/v2\/product_cat?post=17982"},{"taxonomy":"product_tag","embeddable":true,"href":"https:\/\/baladnaholding.com\/de\/wp-json\/wp\/v2\/product_tag?post=17982"}],"curies":[{"name":"wp","href":"https:\/\/api.w.org\/{rel}","templated":true}]}}