{"id":17979,"date":"2025-05-22T16:51:48","date_gmt":"2025-05-22T16:51:48","guid":{"rendered":"https:\/\/baladnaholding.com\/\u0645\u0646\u062a\u062c\u0627\u062a\u0646\u0627\/unkategorisiert\/baladna-gekochte-jambu-weisse-bohnen-orientalisch-540-g\/"},"modified":"2025-09-23T13:56:42","modified_gmt":"2025-09-23T13:56:42","slug":"baladna-gekochte-jambu-weisse-bohnen-orientalisch-540-g","status":"publish","type":"product","link":"https:\/\/baladnaholding.com\/de\/products\/vorspeisen\/baladna-gekochte-jambu-weisse-bohnen-orientalisch-540-g\/","title":{"rendered":"Baladna Gekochte Jambu wei\u00dfe Bohnen &#8211; Orientalisch 540 g"},"content":{"rendered":"<p>Sie werden sorgf\u00e4ltig aus frischen landwirtschaftlichen Produkten in ihren Herkunftsl\u00e4ndern ausgew\u00e4hlt und sind frei von gentechnisch ver\u00e4nderten Materialien.\u00a0 Es wird sorgf\u00e4ltig ausgew\u00e4hlt, ist in verschiedenen Gr\u00f6\u00dfen erh\u00e4ltlich und sollte an einem k\u00fchlen, trockenen Ort gelagert werden.\u00a0 Sie werden gekocht und als Zutat f\u00fcr eine Vielzahl k\u00f6stlicher Gerichte und Lebensmittel serviert und ergeben wunderbare Rezepte.\u00a0 H\u00fclsenfr\u00fcchte gelten als einer der Hauptbestandteile der Kultur der \u00f6stlichen K\u00fcche im Allgemeinen und der arabischen K\u00fcche im Besonderen, und fast kein t\u00e4gliches Gericht kommt ohne H\u00fclsenfr\u00fcchte aus, da sie eine lebenswichtige und sehr wichtige Energiequelle und verschiedene N\u00e4hrwerte darstellen<\/p>\n","protected":false},"excerpt":{"rendered":"<p>Sie werden sorgf\u00e4ltig aus frischen landwirtschaftlichen Produkten in ihren Herkunftsl\u00e4ndern ausgew\u00e4hlt und sind frei von gentechnisch ver\u00e4nderten Materialien.\u00a0 Es wird [&hellip;]<\/p>\n","protected":false},"featured_media":17980,"template":"","meta":{"_acf_changed":false,"site-sidebar-layout":"default","site-content-layout":"","ast-site-content-layout":"default","site-content-style":"default","site-sidebar-style":"default","ast-global-header-display":"","ast-banner-title-visibility":"","ast-main-header-display":"","ast-hfb-above-header-display":"","ast-hfb-below-header-display":"","ast-hfb-mobile-header-display":"","site-post-title":"","ast-breadcrumbs-content":"","ast-featured-img":"","footer-sml-layout":"","theme-transparent-header-meta":"default","adv-header-id-meta":"","stick-header-meta":"","header-above-stick-meta":"","header-main-stick-meta":"","header-below-stick-meta":"","astra-migrate-meta-layouts":"set","ast-page-background-enabled":"default","ast-page-background-meta":{"desktop":{"background-color":"var(--ast-global-color-5)","background-image":"","background-repeat":"repeat","background-position":"center center","background-size":"auto","background-attachment":"scroll","background-type":"","background-media":"","overlay-type":"","overlay-color":"","overlay-opacity":"","overlay-gradient":""},"tablet":{"background-color":"","background-image":"","background-repeat":"repeat","background-position":"center center","background-size":"auto","background-attachment":"scroll","background-type":"","background-media":"","overlay-type":"","overlay-color":"","overlay-opacity":"","overlay-gradient":""},"mobile":{"background-color":"","background-image":"","background-repeat":"repeat","background-position":"center center","background-size":"auto","background-attachment":"scroll","background-type":"","background-media":"","overlay-type":"","overlay-color":"","overlay-opacity":"","overlay-gradient":""}},"ast-content-background-meta":{"desktop":{"background-color":"var(--ast-global-color-4)","background-image":"","background-repeat":"repeat","background-position":"center center","background-size":"auto","background-attachment":"scroll","background-type":"","background-media":"","overlay-type":"","overlay-color":"","overlay-opacity":"","overlay-gradient":""},"tablet":{"background-color":"var(--ast-global-color-4)","background-image":"","background-repeat":"repeat","background-position":"center center","background-size":"auto","background-attachment":"scroll","background-type":"","background-media":"","overlay-type":"","overlay-color":"","overlay-opacity":"","overlay-gradient":""},"mobile":{"background-color":"var(--ast-global-color-4)","background-image":"","background-repeat":"repeat","background-position":"center center","background-size":"auto","background-attachment":"scroll","background-type":"","background-media":"","overlay-type":"","overlay-color":"","overlay-opacity":"","overlay-gradient":""}}},"product_brand":[561,560,559],"product_cat":[437],"product_tag":[545],"class_list":{"0":"post-17979","1":"product","2":"type-product","3":"status-publish","4":"has-post-thumbnail","6":"product_brand-glutenfrei","7":"product_brand-laktosefrei","8":"product_brand-vegetarisch","9":"product_cat-vorspeisen","10":"product_tag-weise-bohnen","11":"desktop-align-left","12":"tablet-align-left","13":"mobile-align-left","15":"first","16":"instock","17":"shipping-taxable","18":"product-type-simple"},"acf":[],"_links":{"self":[{"href":"https:\/\/baladnaholding.com\/de\/wp-json\/wp\/v2\/product\/17979","targetHints":{"allow":["GET"]}}],"collection":[{"href":"https:\/\/baladnaholding.com\/de\/wp-json\/wp\/v2\/product"}],"about":[{"href":"https:\/\/baladnaholding.com\/de\/wp-json\/wp\/v2\/types\/product"}],"version-history":[{"count":3,"href":"https:\/\/baladnaholding.com\/de\/wp-json\/wp\/v2\/product\/17979\/revisions"}],"predecessor-version":[{"id":22706,"href":"https:\/\/baladnaholding.com\/de\/wp-json\/wp\/v2\/product\/17979\/revisions\/22706"}],"wp:featuredmedia":[{"embeddable":true,"href":"https:\/\/baladnaholding.com\/de\/wp-json\/wp\/v2\/media\/17980"}],"wp:attachment":[{"href":"https:\/\/baladnaholding.com\/de\/wp-json\/wp\/v2\/media?parent=17979"}],"wp:term":[{"taxonomy":"product_brand","embeddable":true,"href":"https:\/\/baladnaholding.com\/de\/wp-json\/wp\/v2\/product_brand?post=17979"},{"taxonomy":"product_cat","embeddable":true,"href":"https:\/\/baladnaholding.com\/de\/wp-json\/wp\/v2\/product_cat?post=17979"},{"taxonomy":"product_tag","embeddable":true,"href":"https:\/\/baladnaholding.com\/de\/wp-json\/wp\/v2\/product_tag?post=17979"}],"curies":[{"name":"wp","href":"https:\/\/api.w.org\/{rel}","templated":true}]}}