{"id":17818,"date":"2025-05-22T16:51:04","date_gmt":"2025-05-22T16:51:04","guid":{"rendered":"https:\/\/baladnaholding.com\/\u0645\u0646\u062a\u062c\u0627\u062a\u0646\u0627\/unkategorisiert\/baladna-paprikapaste-scharf-orientalisch-5000-g\/"},"modified":"2025-09-23T14:55:31","modified_gmt":"2025-09-23T14:55:31","slug":"baladna-paprikamark-scharf-orientalisch-5000-g","status":"publish","type":"product","link":"https:\/\/baladnaholding.com\/de\/products\/weitere-zutaten\/baladna-paprikamark-scharf-orientalisch-5000-g\/","title":{"rendered":"Baladna Paprikamark, scharf &#8211; Orientalisch 5000 g"},"content":{"rendered":"<p>* Auf traditionelle Weise zubereitete Paprikapaste. Sie wird aus einer speziellen Art von scharfem roten Paprika hergestellt, der zu einer bestimmten Jahreszeit geerntet und zubereitet wird. * Sie wird zu Vorspeisen serviert oder einigen Arten von orientalischen Gerichten und Geb\u00e4ck beigef\u00fcgt. * Die Baladna Paprikapaste ist ber\u00fchmt f\u00fcr ihre Textur, ihre Dichte, ihre wunderbare Farbe und ihren k\u00f6stlichen w\u00fcrzigen Geschmack. * Sie ist in einer eleganten Glasverpackung mit langer Haltbarkeit erh\u00e4ltlich. * Bewahren Sie sie nach dem \u00d6ffnen im K\u00fchlschrank auf.<\/p>\n","protected":false},"excerpt":{"rendered":"<p>* Auf traditionelle Weise zubereitete Paprikapaste. Sie wird aus einer speziellen Art von scharfem roten Paprika hergestellt, der zu einer [&hellip;]<\/p>\n","protected":false},"featured_media":17820,"template":"","meta":{"_acf_changed":false,"site-sidebar-layout":"default","site-content-layout":"","ast-site-content-layout":"default","site-content-style":"default","site-sidebar-style":"default","ast-global-header-display":"","ast-banner-title-visibility":"","ast-main-header-display":"","ast-hfb-above-header-display":"","ast-hfb-below-header-display":"","ast-hfb-mobile-header-display":"","site-post-title":"","ast-breadcrumbs-content":"","ast-featured-img":"","footer-sml-layout":"","theme-transparent-header-meta":"default","adv-header-id-meta":"","stick-header-meta":"","header-above-stick-meta":"","header-main-stick-meta":"","header-below-stick-meta":"","astra-migrate-meta-layouts":"set","ast-page-background-enabled":"default","ast-page-background-meta":{"desktop":{"background-color":"var(--ast-global-color-5)","background-image":"","background-repeat":"repeat","background-position":"center center","background-size":"auto","background-attachment":"scroll","background-type":"","background-media":"","overlay-type":"","overlay-color":"","overlay-opacity":"","overlay-gradient":""},"tablet":{"background-color":"","background-image":"","background-repeat":"repeat","background-position":"center center","background-size":"auto","background-attachment":"scroll","background-type":"","background-media":"","overlay-type":"","overlay-color":"","overlay-opacity":"","overlay-gradient":""},"mobile":{"background-color":"","background-image":"","background-repeat":"repeat","background-position":"center center","background-size":"auto","background-attachment":"scroll","background-type":"","background-media":"","overlay-type":"","overlay-color":"","overlay-opacity":"","overlay-gradient":""}},"ast-content-background-meta":{"desktop":{"background-color":"var(--ast-global-color-4)","background-image":"","background-repeat":"repeat","background-position":"center center","background-size":"auto","background-attachment":"scroll","background-type":"","background-media":"","overlay-type":"","overlay-color":"","overlay-opacity":"","overlay-gradient":""},"tablet":{"background-color":"var(--ast-global-color-4)","background-image":"","background-repeat":"repeat","background-position":"center center","background-size":"auto","background-attachment":"scroll","background-type":"","background-media":"","overlay-type":"","overlay-color":"","overlay-opacity":"","overlay-gradient":""},"mobile":{"background-color":"var(--ast-global-color-4)","background-image":"","background-repeat":"repeat","background-position":"center center","background-size":"auto","background-attachment":"scroll","background-type":"","background-media":"","overlay-type":"","overlay-color":"","overlay-opacity":"","overlay-gradient":""}}},"product_brand":[561,560,559],"product_cat":[442],"product_tag":[523],"class_list":{"0":"post-17818","1":"product","2":"type-product","3":"status-publish","4":"has-post-thumbnail","6":"product_brand-glutenfrei","7":"product_brand-laktosefrei","8":"product_brand-vegetarisch","9":"product_cat-weitere-zutaten","10":"product_tag-paprikamark","11":"desktop-align-left","12":"tablet-align-left","13":"mobile-align-left","15":"first","16":"instock","17":"shipping-taxable","18":"product-type-simple"},"acf":[],"_links":{"self":[{"href":"https:\/\/baladnaholding.com\/de\/wp-json\/wp\/v2\/product\/17818","targetHints":{"allow":["GET"]}}],"collection":[{"href":"https:\/\/baladnaholding.com\/de\/wp-json\/wp\/v2\/product"}],"about":[{"href":"https:\/\/baladnaholding.com\/de\/wp-json\/wp\/v2\/types\/product"}],"version-history":[{"count":3,"href":"https:\/\/baladnaholding.com\/de\/wp-json\/wp\/v2\/product\/17818\/revisions"}],"predecessor-version":[{"id":22969,"href":"https:\/\/baladnaholding.com\/de\/wp-json\/wp\/v2\/product\/17818\/revisions\/22969"}],"wp:featuredmedia":[{"embeddable":true,"href":"https:\/\/baladnaholding.com\/de\/wp-json\/wp\/v2\/media\/17820"}],"wp:attachment":[{"href":"https:\/\/baladnaholding.com\/de\/wp-json\/wp\/v2\/media?parent=17818"}],"wp:term":[{"taxonomy":"product_brand","embeddable":true,"href":"https:\/\/baladnaholding.com\/de\/wp-json\/wp\/v2\/product_brand?post=17818"},{"taxonomy":"product_cat","embeddable":true,"href":"https:\/\/baladnaholding.com\/de\/wp-json\/wp\/v2\/product_cat?post=17818"},{"taxonomy":"product_tag","embeddable":true,"href":"https:\/\/baladnaholding.com\/de\/wp-json\/wp\/v2\/product_tag?post=17818"}],"curies":[{"name":"wp","href":"https:\/\/api.w.org\/{rel}","templated":true}]}}