{"id":17752,"date":"2025-05-22T16:50:56","date_gmt":"2025-05-22T16:50:56","guid":{"rendered":"https:\/\/baladnaholding.com\/\u0645\u0646\u062a\u062c\u0627\u062a\u0646\u0627\/unkategorisiert\/baladna-bulgur-mittel-orientalisch-800-g\/"},"modified":"2025-09-23T12:55:01","modified_gmt":"2025-09-23T12:55:01","slug":"baladna-bulgur-mittel-orientalisch-800-g","status":"publish","type":"product","link":"https:\/\/baladnaholding.com\/de\/products\/hulsenfruchte-bulgur\/baladna-bulgur-mittel-orientalisch-800-g\/","title":{"rendered":"Baladna Bulgur, mittel &#8211; Orientalisch 800 g"},"content":{"rendered":"<p>* Bulgur ist eines der ber\u00fchmtesten Lebensmittel im Orientalischen Raum und im Nahen Osten Es wird aus Weizenk\u00f6rnern nach der Ernte hergestellt. * Baladna Bulgur ist ber\u00fchmt daf\u00fcr, dass er in der Sonne getrocknet wird, wie es seit Tausenden von Jahren traditionell \u00fcblich ist, und nicht in Trocknungsmaschinen, was ihm den frischen, nussigen Geschmack verleiht. * Seine Anbaugebiete an den Ufern des Euphrats sind durch ihre relativ hohe Luftfeuchtigkeit, Temperatur und wegen des besonderen Bodentyps bekannt daf\u00fcr, diese besondere Weizenart hervorzubringen, die festkernigen Bulgur ergibt.<\/p>\n","protected":false},"excerpt":{"rendered":"<p><q>&#8222;\u062d\u0628\u0627\u062a \u0628\u0644\u062f\u064a\u0629 \u062a\u0627\u0632\u0629 \u0645\u0646 \u0627\u0644\u062d\u0646\u0637\u0629 \u0627\u0644\u0642\u0627\u0633\u064a\u0629&#8220;<\/q><\/p>\n","protected":false},"featured_media":17754,"template":"","meta":{"_acf_changed":false,"site-sidebar-layout":"default","site-content-layout":"","ast-site-content-layout":"default","site-content-style":"default","site-sidebar-style":"default","ast-global-header-display":"","ast-banner-title-visibility":"","ast-main-header-display":"","ast-hfb-above-header-display":"","ast-hfb-below-header-display":"","ast-hfb-mobile-header-display":"","site-post-title":"","ast-breadcrumbs-content":"","ast-featured-img":"","footer-sml-layout":"","theme-transparent-header-meta":"default","adv-header-id-meta":"","stick-header-meta":"","header-above-stick-meta":"","header-main-stick-meta":"","header-below-stick-meta":"","astra-migrate-meta-layouts":"set","ast-page-background-enabled":"default","ast-page-background-meta":{"desktop":{"background-color":"var(--ast-global-color-5)","background-image":"","background-repeat":"repeat","background-position":"center center","background-size":"auto","background-attachment":"scroll","background-type":"","background-media":"","overlay-type":"","overlay-color":"","overlay-opacity":"","overlay-gradient":""},"tablet":{"background-color":"","background-image":"","background-repeat":"repeat","background-position":"center center","background-size":"auto","background-attachment":"scroll","background-type":"","background-media":"","overlay-type":"","overlay-color":"","overlay-opacity":"","overlay-gradient":""},"mobile":{"background-color":"","background-image":"","background-repeat":"repeat","background-position":"center center","background-size":"auto","background-attachment":"scroll","background-type":"","background-media":"","overlay-type":"","overlay-color":"","overlay-opacity":"","overlay-gradient":""}},"ast-content-background-meta":{"desktop":{"background-color":"var(--ast-global-color-4)","background-image":"","background-repeat":"repeat","background-position":"center center","background-size":"auto","background-attachment":"scroll","background-type":"","background-media":"","overlay-type":"","overlay-color":"","overlay-opacity":"","overlay-gradient":""},"tablet":{"background-color":"var(--ast-global-color-4)","background-image":"","background-repeat":"repeat","background-position":"center center","background-size":"auto","background-attachment":"scroll","background-type":"","background-media":"","overlay-type":"","overlay-color":"","overlay-opacity":"","overlay-gradient":""},"mobile":{"background-color":"var(--ast-global-color-4)","background-image":"","background-repeat":"repeat","background-position":"center center","background-size":"auto","background-attachment":"scroll","background-type":"","background-media":"","overlay-type":"","overlay-color":"","overlay-opacity":"","overlay-gradient":""}}},"product_brand":[561,560,559],"product_cat":[439],"product_tag":[480],"class_list":{"0":"post-17752","1":"product","2":"type-product","3":"status-publish","4":"has-post-thumbnail","6":"product_brand-glutenfrei","7":"product_brand-laktosefrei","8":"product_brand-vegetarisch","9":"product_cat-hulsenfruchte-bulgur","10":"product_tag-bulgur-de","11":"desktop-align-left","12":"tablet-align-left","13":"mobile-align-left","15":"first","16":"instock","17":"shipping-taxable","18":"product-type-simple"},"acf":[],"_links":{"self":[{"href":"https:\/\/baladnaholding.com\/de\/wp-json\/wp\/v2\/product\/17752","targetHints":{"allow":["GET"]}}],"collection":[{"href":"https:\/\/baladnaholding.com\/de\/wp-json\/wp\/v2\/product"}],"about":[{"href":"https:\/\/baladnaholding.com\/de\/wp-json\/wp\/v2\/types\/product"}],"version-history":[{"count":3,"href":"https:\/\/baladnaholding.com\/de\/wp-json\/wp\/v2\/product\/17752\/revisions"}],"predecessor-version":[{"id":22498,"href":"https:\/\/baladnaholding.com\/de\/wp-json\/wp\/v2\/product\/17752\/revisions\/22498"}],"wp:featuredmedia":[{"embeddable":true,"href":"https:\/\/baladnaholding.com\/de\/wp-json\/wp\/v2\/media\/17754"}],"wp:attachment":[{"href":"https:\/\/baladnaholding.com\/de\/wp-json\/wp\/v2\/media?parent=17752"}],"wp:term":[{"taxonomy":"product_brand","embeddable":true,"href":"https:\/\/baladnaholding.com\/de\/wp-json\/wp\/v2\/product_brand?post=17752"},{"taxonomy":"product_cat","embeddable":true,"href":"https:\/\/baladnaholding.com\/de\/wp-json\/wp\/v2\/product_cat?post=17752"},{"taxonomy":"product_tag","embeddable":true,"href":"https:\/\/baladnaholding.com\/de\/wp-json\/wp\/v2\/product_tag?post=17752"}],"curies":[{"name":"wp","href":"https:\/\/api.w.org\/{rel}","templated":true}]}}