{"id":17751,"date":"2025-05-22T16:50:50","date_gmt":"2025-05-22T16:50:50","guid":{"rendered":"https:\/\/baladnaholding.com\/\u0645\u0646\u062a\u062c\u0627\u062a\u0646\u0627\/unkategorisiert\/baladna-hot-makdous-in-sonnenblumenoel-auberginen-gefuellt-mit-pfeffer-walnuss-zubereitung-orientalisch-600-g\/"},"modified":"2025-09-23T14:10:38","modified_gmt":"2025-09-23T14:10:38","slug":"baladna-makdous-scharf-in-sonnenblumenoel-auberginen-gefuellt-mit-paprika-walnuss-zubereitung-orientalisch-600-g","status":"publish","type":"product","link":"https:\/\/baladnaholding.com\/de\/products\/fruhstuck\/baladna-makdous-scharf-in-sonnenblumenoel-auberginen-gefuellt-mit-paprika-walnuss-zubereitung-orientalisch-600-g\/","title":{"rendered":"Baladna Makdous scharf in Sonnenblumen\u00f6l Auberginen gef\u00fcllt mit Paprika-Walnuss-Zubereitung &#8211; Orientalisch 600 g"},"content":{"rendered":"<p>* Makdous gilt im Orientalischen Raum als ein beliebtes Nahrungsmittel, um das sich viele Geschichten ranken. * Es wird in der Regel nur von Gro\u00dfm\u00fcttern und \u00e4lteren Damen zubereitet, da seine Zubereitung viel Geduld, Liebe und Leidenschaft erfordert, und zwar auf traditionelle Weise, St\u00fcck f\u00fcr St\u00fcck. * Baladna Makdous ist daher es eine limitierte Auflage, die nicht in gro\u00dfen Mengen erh\u00e4ltlich ist.<\/p>\n","protected":false},"excerpt":{"rendered":"<p>&#8222;\u0628\u064a\u062a\u0648\u062a\u064a \u0641\u0627\u0627\u062e\u0631 .. \u0628\u0630\u0643\u0631\u0643 \u0628\u0645\u0643\u062f\u0648\u0633\u0627\u062a \u0632\u0645\u0627\u0627\u0627\u0646&#8220;<\/p>\n","protected":false},"featured_media":17753,"template":"","meta":{"_acf_changed":false,"site-sidebar-layout":"default","site-content-layout":"","ast-site-content-layout":"default","site-content-style":"default","site-sidebar-style":"default","ast-global-header-display":"","ast-banner-title-visibility":"","ast-main-header-display":"","ast-hfb-above-header-display":"","ast-hfb-below-header-display":"","ast-hfb-mobile-header-display":"","site-post-title":"","ast-breadcrumbs-content":"","ast-featured-img":"","footer-sml-layout":"","theme-transparent-header-meta":"default","adv-header-id-meta":"","stick-header-meta":"","header-above-stick-meta":"","header-main-stick-meta":"","header-below-stick-meta":"","astra-migrate-meta-layouts":"set","ast-page-background-enabled":"default","ast-page-background-meta":{"desktop":{"background-color":"var(--ast-global-color-5)","background-image":"","background-repeat":"repeat","background-position":"center center","background-size":"auto","background-attachment":"scroll","background-type":"","background-media":"","overlay-type":"","overlay-color":"","overlay-opacity":"","overlay-gradient":""},"tablet":{"background-color":"","background-image":"","background-repeat":"repeat","background-position":"center center","background-size":"auto","background-attachment":"scroll","background-type":"","background-media":"","overlay-type":"","overlay-color":"","overlay-opacity":"","overlay-gradient":""},"mobile":{"background-color":"","background-image":"","background-repeat":"repeat","background-position":"center center","background-size":"auto","background-attachment":"scroll","background-type":"","background-media":"","overlay-type":"","overlay-color":"","overlay-opacity":"","overlay-gradient":""}},"ast-content-background-meta":{"desktop":{"background-color":"var(--ast-global-color-4)","background-image":"","background-repeat":"repeat","background-position":"center center","background-size":"auto","background-attachment":"scroll","background-type":"","background-media":"","overlay-type":"","overlay-color":"","overlay-opacity":"","overlay-gradient":""},"tablet":{"background-color":"var(--ast-global-color-4)","background-image":"","background-repeat":"repeat","background-position":"center center","background-size":"auto","background-attachment":"scroll","background-type":"","background-media":"","overlay-type":"","overlay-color":"","overlay-opacity":"","overlay-gradient":""},"mobile":{"background-color":"var(--ast-global-color-4)","background-image":"","background-repeat":"repeat","background-position":"center center","background-size":"auto","background-attachment":"scroll","background-type":"","background-media":"","overlay-type":"","overlay-color":"","overlay-opacity":"","overlay-gradient":""}}},"product_brand":[561,560,558,559],"product_cat":[431],"product_tag":[511],"class_list":{"0":"post-17751","1":"product","2":"type-product","3":"status-publish","4":"has-post-thumbnail","6":"product_brand-glutenfrei","7":"product_brand-laktosefrei","8":"product_brand-vegan-de","9":"product_brand-vegetarisch","10":"product_cat-fruhstuck","11":"product_tag-makdous-de","12":"desktop-align-left","13":"tablet-align-left","14":"mobile-align-left","16":"first","17":"instock","18":"shipping-taxable","19":"product-type-simple"},"acf":[],"_links":{"self":[{"href":"https:\/\/baladnaholding.com\/de\/wp-json\/wp\/v2\/product\/17751","targetHints":{"allow":["GET"]}}],"collection":[{"href":"https:\/\/baladnaholding.com\/de\/wp-json\/wp\/v2\/product"}],"about":[{"href":"https:\/\/baladnaholding.com\/de\/wp-json\/wp\/v2\/types\/product"}],"version-history":[{"count":4,"href":"https:\/\/baladnaholding.com\/de\/wp-json\/wp\/v2\/product\/17751\/revisions"}],"predecessor-version":[{"id":22724,"href":"https:\/\/baladnaholding.com\/de\/wp-json\/wp\/v2\/product\/17751\/revisions\/22724"}],"wp:featuredmedia":[{"embeddable":true,"href":"https:\/\/baladnaholding.com\/de\/wp-json\/wp\/v2\/media\/17753"}],"wp:attachment":[{"href":"https:\/\/baladnaholding.com\/de\/wp-json\/wp\/v2\/media?parent=17751"}],"wp:term":[{"taxonomy":"product_brand","embeddable":true,"href":"https:\/\/baladnaholding.com\/de\/wp-json\/wp\/v2\/product_brand?post=17751"},{"taxonomy":"product_cat","embeddable":true,"href":"https:\/\/baladnaholding.com\/de\/wp-json\/wp\/v2\/product_cat?post=17751"},{"taxonomy":"product_tag","embeddable":true,"href":"https:\/\/baladnaholding.com\/de\/wp-json\/wp\/v2\/product_tag?post=17751"}],"curies":[{"name":"wp","href":"https:\/\/api.w.org\/{rel}","templated":true}]}}