{"id":17673,"date":"2025-05-22T16:50:27","date_gmt":"2025-05-22T16:50:27","guid":{"rendered":"https:\/\/baladnaholding.com\/\u0645\u0646\u062a\u062c\u0627\u062a\u0646\u0627\/unkategorisiert\/baladna-zaatar-mit-granatapfelsirup-orientalisch-400-g\/"},"modified":"2025-09-23T14:17:48","modified_gmt":"2025-09-23T14:17:48","slug":"baladna-zaater-mit-granatapfelsirup-sesam-weizenkleie-thymian-gemisch-mit-granatapfelsirup-orientalisch-400-g","status":"publish","type":"product","link":"https:\/\/baladnaholding.com\/de\/products\/fruhstuck\/baladna-zaater-mit-granatapfelsirup-sesam-weizenkleie-thymian-gemisch-mit-granatapfelsirup-orientalisch-400-g\/","title":{"rendered":"Baladna  Zaater mit Granatapfelsirup (Sesam-Weizenkleie-Thymian-Gemisch mit Granatapfelsirup) &#8211; Orientalisch 400 g"},"content":{"rendered":"<p>* Die Stadt Aleppo ist seit Tausenden von Jahren f\u00fcr die Herstellung von Thymian ber\u00fchmt. * Touristen in Aleppo kaufen Thymian oft als Souvenir. * Baladna Zaatar ist in zwei Gr\u00f6\u00dfen, einer Familienpackung von 500 Gramm und einer kleinen Packung von 60 Gramm, erh\u00e4ltlich. * Zaatar besteht aus Sesamk\u00f6rnern und Thymian. * Es ist verzehrfertig, nachdem der Inhalt der T\u00fcte gut vermischt wurde. * Es wird gew\u00f6hnlich zusammen mit Oliven\u00f6l serviert. * Es wird mit Orientalischem Brot gegessen oder als Thymian-Sandwich zubereitet. * Dies ist das typische Kinderschulbrot mit hohen N\u00e4hrwert im Nahen Osten. * Es ist auch eine sehr wohlschmeckende Zutat f\u00fcr ein Brath\u00fchnchen. * Es wird mit Orientalischem Brot gegessen oder als Thymian-Sandwich zubereitet. * Es ist auch eine sehr wohlschmeckende Zutat f\u00fcr ein Brath\u00fchnchen.<\/p>\n","protected":false},"excerpt":{"rendered":"<p>&#8222;\u0627\u0644\u0632\u0639\u062a\u0631 \u0627\u0644\u062d\u0644\u0628\u064a \u0627\u0644\u0641\u0627\u062e\u0631 \u0627\u0644\u0645\u0634\u063a\u0648\u0644 \u0639\u0644\u0649 \u0627\u0635\u0648\u0644\u0647 \u0628\u0646\u0643\u0647\u0629 \u0627\u0644\u0631\u0645\u0627\u0646 \u0627\u0644\u0645\u0645\u064a\u0632\u0629&#8220;<\/p>\n","protected":false},"featured_media":17675,"template":"","meta":{"_acf_changed":false,"site-sidebar-layout":"default","site-content-layout":"","ast-site-content-layout":"default","site-content-style":"default","site-sidebar-style":"default","ast-global-header-display":"","ast-banner-title-visibility":"","ast-main-header-display":"","ast-hfb-above-header-display":"","ast-hfb-below-header-display":"","ast-hfb-mobile-header-display":"","site-post-title":"","ast-breadcrumbs-content":"","ast-featured-img":"","footer-sml-layout":"","theme-transparent-header-meta":"default","adv-header-id-meta":"","stick-header-meta":"","header-above-stick-meta":"","header-main-stick-meta":"","header-below-stick-meta":"","astra-migrate-meta-layouts":"set","ast-page-background-enabled":"default","ast-page-background-meta":{"desktop":{"background-color":"var(--ast-global-color-5)","background-image":"","background-repeat":"repeat","background-position":"center center","background-size":"auto","background-attachment":"scroll","background-type":"","background-media":"","overlay-type":"","overlay-color":"","overlay-opacity":"","overlay-gradient":""},"tablet":{"background-color":"","background-image":"","background-repeat":"repeat","background-position":"center center","background-size":"auto","background-attachment":"scroll","background-type":"","background-media":"","overlay-type":"","overlay-color":"","overlay-opacity":"","overlay-gradient":""},"mobile":{"background-color":"","background-image":"","background-repeat":"repeat","background-position":"center center","background-size":"auto","background-attachment":"scroll","background-type":"","background-media":"","overlay-type":"","overlay-color":"","overlay-opacity":"","overlay-gradient":""}},"ast-content-background-meta":{"desktop":{"background-color":"var(--ast-global-color-4)","background-image":"","background-repeat":"repeat","background-position":"center center","background-size":"auto","background-attachment":"scroll","background-type":"","background-media":"","overlay-type":"","overlay-color":"","overlay-opacity":"","overlay-gradient":""},"tablet":{"background-color":"var(--ast-global-color-4)","background-image":"","background-repeat":"repeat","background-position":"center center","background-size":"auto","background-attachment":"scroll","background-type":"","background-media":"","overlay-type":"","overlay-color":"","overlay-opacity":"","overlay-gradient":""},"mobile":{"background-color":"var(--ast-global-color-4)","background-image":"","background-repeat":"repeat","background-position":"center center","background-size":"auto","background-attachment":"scroll","background-type":"","background-media":"","overlay-type":"","overlay-color":"","overlay-opacity":"","overlay-gradient":""}}},"product_brand":[561,560,558,559],"product_cat":[431],"product_tag":[547],"class_list":{"0":"post-17673","1":"product","2":"type-product","3":"status-publish","4":"has-post-thumbnail","6":"product_brand-glutenfrei","7":"product_brand-laktosefrei","8":"product_brand-vegan-de","9":"product_brand-vegetarisch","10":"product_cat-fruhstuck","11":"product_tag-zaater","12":"desktop-align-left","13":"tablet-align-left","14":"mobile-align-left","16":"first","17":"instock","18":"shipping-taxable","19":"product-type-simple"},"acf":[],"_links":{"self":[{"href":"https:\/\/baladnaholding.com\/de\/wp-json\/wp\/v2\/product\/17673","targetHints":{"allow":["GET"]}}],"collection":[{"href":"https:\/\/baladnaholding.com\/de\/wp-json\/wp\/v2\/product"}],"about":[{"href":"https:\/\/baladnaholding.com\/de\/wp-json\/wp\/v2\/types\/product"}],"version-history":[{"count":4,"href":"https:\/\/baladnaholding.com\/de\/wp-json\/wp\/v2\/product\/17673\/revisions"}],"predecessor-version":[{"id":22764,"href":"https:\/\/baladnaholding.com\/de\/wp-json\/wp\/v2\/product\/17673\/revisions\/22764"}],"wp:featuredmedia":[{"embeddable":true,"href":"https:\/\/baladnaholding.com\/de\/wp-json\/wp\/v2\/media\/17675"}],"wp:attachment":[{"href":"https:\/\/baladnaholding.com\/de\/wp-json\/wp\/v2\/media?parent=17673"}],"wp:term":[{"taxonomy":"product_brand","embeddable":true,"href":"https:\/\/baladnaholding.com\/de\/wp-json\/wp\/v2\/product_brand?post=17673"},{"taxonomy":"product_cat","embeddable":true,"href":"https:\/\/baladnaholding.com\/de\/wp-json\/wp\/v2\/product_cat?post=17673"},{"taxonomy":"product_tag","embeddable":true,"href":"https:\/\/baladnaholding.com\/de\/wp-json\/wp\/v2\/product_tag?post=17673"}],"curies":[{"name":"wp","href":"https:\/\/api.w.org\/{rel}","templated":true}]}}