{"id":17600,"date":"2025-05-22T16:50:29","date_gmt":"2025-05-22T16:50:29","guid":{"rendered":"https:\/\/baladnaholding.com\/\u0645\u0646\u062a\u062c\u0627\u062a\u0646\u0627\/unkategorisiert\/baladna-sonnenblumenoel-orientalisch-1000-g\/"},"modified":"2025-07-05T21:14:56","modified_gmt":"2025-07-05T21:14:56","slug":"baladna-sonnenblumenoel-orientalisch-1000-g","status":"publish","type":"product","link":"https:\/\/baladnaholding.com\/de\/products\/ole-and-saucen\/baladna-sonnenblumenoel-orientalisch-1000-g\/","title":{"rendered":"Baladna  Sonnenblumen\u00f6l &#8211; Orientalisch 1000 g"},"content":{"rendered":"<p>* Baladna-Sonnenblumen\u00f6l ist gesund, leicht, cholesterinfrei und mehrfach raffiniert, um sicherzustellen, dass es frei von Verunreinigungen, schweren Partikeln und Wasser ist. *  Daher ist es sehr wirtschaftlich. *  Es gibt keine Verdunstung oder Rauchentwicklung bei seiner Nutzung und es kann somit mehrfach verwendet werden. *  Es ist in eleganten Beh\u00e4ltern verschiedener Gr\u00f6\u00dfen erh\u00e4ltlich: 1 Liter, 1,8 Liter mit elegantem Handgriff und 4-Liter-Metallverpackung. * Baladna Sonnenblumen\u00f6lEs wird zur Zubereitung vieler Rezepte, Salatso\u00dfen und zum Frittieren verwendet.  <\/p>\n","protected":false},"excerpt":{"rendered":"<p>&#8222;\u0635\u062d\u064a \u062e\u0627\u0644\u064a \u0645\u0646 \u0627\u0644\u0643\u0648\u0644\u064a\u0633\u062a\u0631\u0648\u0644&#8220;<\/p>\n","protected":false},"featured_media":17602,"template":"","meta":{"_acf_changed":false,"site-sidebar-layout":"default","site-content-layout":"","ast-site-content-layout":"default","site-content-style":"default","site-sidebar-style":"default","ast-global-header-display":"","ast-banner-title-visibility":"","ast-main-header-display":"","ast-hfb-above-header-display":"","ast-hfb-below-header-display":"","ast-hfb-mobile-header-display":"","site-post-title":"","ast-breadcrumbs-content":"","ast-featured-img":"","footer-sml-layout":"","theme-transparent-header-meta":"default","adv-header-id-meta":"","stick-header-meta":"","header-above-stick-meta":"","header-main-stick-meta":"","header-below-stick-meta":"","astra-migrate-meta-layouts":"default","ast-page-background-enabled":"default","ast-page-background-meta":{"desktop":{"background-color":"var(--ast-global-color-5)","background-image":"","background-repeat":"repeat","background-position":"center center","background-size":"auto","background-attachment":"scroll","background-type":"","background-media":"","overlay-type":"","overlay-color":"","overlay-opacity":"","overlay-gradient":""},"tablet":{"background-color":"","background-image":"","background-repeat":"repeat","background-position":"center center","background-size":"auto","background-attachment":"scroll","background-type":"","background-media":"","overlay-type":"","overlay-color":"","overlay-opacity":"","overlay-gradient":""},"mobile":{"background-color":"","background-image":"","background-repeat":"repeat","background-position":"center center","background-size":"auto","background-attachment":"scroll","background-type":"","background-media":"","overlay-type":"","overlay-color":"","overlay-opacity":"","overlay-gradient":""}},"ast-content-background-meta":{"desktop":{"background-color":"var(--ast-global-color-4)","background-image":"","background-repeat":"repeat","background-position":"center center","background-size":"auto","background-attachment":"scroll","background-type":"","background-media":"","overlay-type":"","overlay-color":"","overlay-opacity":"","overlay-gradient":""},"tablet":{"background-color":"var(--ast-global-color-4)","background-image":"","background-repeat":"repeat","background-position":"center center","background-size":"auto","background-attachment":"scroll","background-type":"","background-media":"","overlay-type":"","overlay-color":"","overlay-opacity":"","overlay-gradient":""},"mobile":{"background-color":"var(--ast-global-color-4)","background-image":"","background-repeat":"repeat","background-position":"center center","background-size":"auto","background-attachment":"scroll","background-type":"","background-media":"","overlay-type":"","overlay-color":"","overlay-opacity":"","overlay-gradient":""}}},"product_brand":[561,560,558,559],"product_cat":[436],"product_tag":[540],"class_list":{"0":"post-17600","1":"product","2":"type-product","3":"status-publish","4":"has-post-thumbnail","6":"product_brand-glutenfrei","7":"product_brand-laktosefrei","8":"product_brand-vegan-de","9":"product_brand-vegetarisch","10":"product_cat-ole-and-saucen","11":"product_tag-sonnenblumenol","12":"desktop-align-left","13":"tablet-align-left","14":"mobile-align-left","16":"first","17":"instock","18":"shipping-taxable","19":"product-type-simple"},"acf":[],"_links":{"self":[{"href":"https:\/\/baladnaholding.com\/de\/wp-json\/wp\/v2\/product\/17600","targetHints":{"allow":["GET"]}}],"collection":[{"href":"https:\/\/baladnaholding.com\/de\/wp-json\/wp\/v2\/product"}],"about":[{"href":"https:\/\/baladnaholding.com\/de\/wp-json\/wp\/v2\/types\/product"}],"version-history":[{"count":2,"href":"https:\/\/baladnaholding.com\/de\/wp-json\/wp\/v2\/product\/17600\/revisions"}],"predecessor-version":[{"id":19166,"href":"https:\/\/baladnaholding.com\/de\/wp-json\/wp\/v2\/product\/17600\/revisions\/19166"}],"wp:featuredmedia":[{"embeddable":true,"href":"https:\/\/baladnaholding.com\/de\/wp-json\/wp\/v2\/media\/17602"}],"wp:attachment":[{"href":"https:\/\/baladnaholding.com\/de\/wp-json\/wp\/v2\/media?parent=17600"}],"wp:term":[{"taxonomy":"product_brand","embeddable":true,"href":"https:\/\/baladnaholding.com\/de\/wp-json\/wp\/v2\/product_brand?post=17600"},{"taxonomy":"product_cat","embeddable":true,"href":"https:\/\/baladnaholding.com\/de\/wp-json\/wp\/v2\/product_cat?post=17600"},{"taxonomy":"product_tag","embeddable":true,"href":"https:\/\/baladnaholding.com\/de\/wp-json\/wp\/v2\/product_tag?post=17600"}],"curies":[{"name":"wp","href":"https:\/\/api.w.org\/{rel}","templated":true}]}}