{"id":17513,"date":"2025-05-22T16:52:40","date_gmt":"2025-05-22T16:52:40","guid":{"rendered":"https:\/\/baladnaholding.com\/\u0645\u0646\u062a\u062c\u0627\u062a\u0646\u0627\/unkategorisiert\/baladna-mix-datteln-15-stueck-geschenkpackung-orientalisch-170-g\/"},"modified":"2025-09-23T12:33:53","modified_gmt":"2025-09-23T12:33:53","slug":"baladna-mix-datteln-15-stueck-geschenkbox-orientalisch-170-g","status":"publish","type":"product","link":"https:\/\/baladnaholding.com\/de\/products\/datteln\/baladna-mix-datteln-15-stueck-geschenkbox-orientalisch-170-g\/","title":{"rendered":"Baladna Mix Datteln 15 St\u00fcck Geschenkbox &#8211; Orientalisch 170 g"},"content":{"rendered":"<div>Die Premium-Datteln unseres Landes, sorgf\u00e4ltig f\u00fcr Sie ausgew\u00e4hlt aus der frischen Ernte des Hedschas, aus dem Land der zwei heiligen Moscheen \u2013 dem K\u00f6nigreich Saudi-Arabien \u2013 stammen von den gesegneten Datteln, die vom Gesandten Gottes, Muhammad (Friede sei mit ihm), empfohlen und im Heiligen Koran erw\u00e4hnt wurden.<\/div>\n<div>Datteln gelten als Grundnahrungsmittel, von dem sich die Araber \u00fcber Generationen hinweg ern\u00e4hrten \u2013 eine nat\u00fcrliche Energiequelle, reich an wichtigen N\u00e4hrstoffen f\u00fcr die Gesundheit: Kalzium, Schwefel, Aminos\u00e4uren, Eisen, Kalium, Kupfer, Mangan, Magnesium, Phosphor, Ballaststoffe sowie Vitamine wie B5, A1, B1, B2, B3; dazu Einfachzucker (Glukose), Zweifachzucker (Saccharose), Fluorid und mehr.<\/div>\n","protected":false},"excerpt":{"rendered":"<p>&#8222;\u062a\u0645\u0648\u0631 \u0628\u0644\u062f\u0646\u0627 \u0627\u0644\u0633\u0639\u0648\u062f\u064a\u0629 \u0627\u0644\u0641\u0627\u062e\u0631\u0629 \u0637\u0639\u0645\u0629 \u0645\u0627 \u0628\u062a\u0646\u0648\u0635\u0641 \u2728 \u062d\u0644\u0627\u0648\u0629 \u0637\u0628\u064a\u0639\u064a\u0629 \u0645\u0646 \u062e\u064a\u0631 \u0628\u0644\u0627\u062f \u0627\u0644\u062c\u0632\u064a\u0631\u0629&#8220;<\/p>\n","protected":false},"featured_media":17514,"template":"","meta":{"_acf_changed":false,"site-sidebar-layout":"default","site-content-layout":"","ast-site-content-layout":"default","site-content-style":"default","site-sidebar-style":"default","ast-global-header-display":"","ast-banner-title-visibility":"","ast-main-header-display":"","ast-hfb-above-header-display":"","ast-hfb-below-header-display":"","ast-hfb-mobile-header-display":"","site-post-title":"","ast-breadcrumbs-content":"","ast-featured-img":"","footer-sml-layout":"","theme-transparent-header-meta":"default","adv-header-id-meta":"","stick-header-meta":"","header-above-stick-meta":"","header-main-stick-meta":"","header-below-stick-meta":"","astra-migrate-meta-layouts":"set","ast-page-background-enabled":"default","ast-page-background-meta":{"desktop":{"background-color":"var(--ast-global-color-5)","background-image":"","background-repeat":"repeat","background-position":"center center","background-size":"auto","background-attachment":"scroll","background-type":"","background-media":"","overlay-type":"","overlay-color":"","overlay-opacity":"","overlay-gradient":""},"tablet":{"background-color":"","background-image":"","background-repeat":"repeat","background-position":"center center","background-size":"auto","background-attachment":"scroll","background-type":"","background-media":"","overlay-type":"","overlay-color":"","overlay-opacity":"","overlay-gradient":""},"mobile":{"background-color":"","background-image":"","background-repeat":"repeat","background-position":"center center","background-size":"auto","background-attachment":"scroll","background-type":"","background-media":"","overlay-type":"","overlay-color":"","overlay-opacity":"","overlay-gradient":""}},"ast-content-background-meta":{"desktop":{"background-color":"var(--ast-global-color-4)","background-image":"","background-repeat":"repeat","background-position":"center center","background-size":"auto","background-attachment":"scroll","background-type":"","background-media":"","overlay-type":"","overlay-color":"","overlay-opacity":"","overlay-gradient":""},"tablet":{"background-color":"var(--ast-global-color-4)","background-image":"","background-repeat":"repeat","background-position":"center center","background-size":"auto","background-attachment":"scroll","background-type":"","background-media":"","overlay-type":"","overlay-color":"","overlay-opacity":"","overlay-gradient":""},"mobile":{"background-color":"var(--ast-global-color-4)","background-image":"","background-repeat":"repeat","background-position":"center center","background-size":"auto","background-attachment":"scroll","background-type":"","background-media":"","overlay-type":"","overlay-color":"","overlay-opacity":"","overlay-gradient":""}}},"product_brand":[561,560,559],"product_cat":[433],"product_tag":[512],"class_list":{"0":"post-17513","1":"product","2":"type-product","3":"status-publish","4":"has-post-thumbnail","6":"product_brand-glutenfrei","7":"product_brand-laktosefrei","8":"product_brand-vegetarisch","9":"product_cat-datteln","10":"product_tag-mix-datteln","11":"desktop-align-left","12":"tablet-align-left","13":"mobile-align-left","15":"first","16":"instock","17":"shipping-taxable","18":"product-type-simple"},"acf":[],"_links":{"self":[{"href":"https:\/\/baladnaholding.com\/de\/wp-json\/wp\/v2\/product\/17513","targetHints":{"allow":["GET"]}}],"collection":[{"href":"https:\/\/baladnaholding.com\/de\/wp-json\/wp\/v2\/product"}],"about":[{"href":"https:\/\/baladnaholding.com\/de\/wp-json\/wp\/v2\/types\/product"}],"version-history":[{"count":3,"href":"https:\/\/baladnaholding.com\/de\/wp-json\/wp\/v2\/product\/17513\/revisions"}],"predecessor-version":[{"id":22436,"href":"https:\/\/baladnaholding.com\/de\/wp-json\/wp\/v2\/product\/17513\/revisions\/22436"}],"wp:featuredmedia":[{"embeddable":true,"href":"https:\/\/baladnaholding.com\/de\/wp-json\/wp\/v2\/media\/17514"}],"wp:attachment":[{"href":"https:\/\/baladnaholding.com\/de\/wp-json\/wp\/v2\/media?parent=17513"}],"wp:term":[{"taxonomy":"product_brand","embeddable":true,"href":"https:\/\/baladnaholding.com\/de\/wp-json\/wp\/v2\/product_brand?post=17513"},{"taxonomy":"product_cat","embeddable":true,"href":"https:\/\/baladnaholding.com\/de\/wp-json\/wp\/v2\/product_cat?post=17513"},{"taxonomy":"product_tag","embeddable":true,"href":"https:\/\/baladnaholding.com\/de\/wp-json\/wp\/v2\/product_tag?post=17513"}],"curies":[{"name":"wp","href":"https:\/\/api.w.org\/{rel}","templated":true}]}}