{"id":17211,"date":"2025-05-10T15:56:59","date_gmt":"2025-05-10T15:56:59","guid":{"rendered":"https:\/\/baladnaholding.com\/imprint\/"},"modified":"2025-07-05T16:31:40","modified_gmt":"2025-07-05T16:31:40","slug":"imprint","status":"publish","type":"page","link":"https:\/\/baladnaholding.com\/de\/imprint\/","title":{"rendered":"Imprint"},"content":{"rendered":"\n<p>Impressum<\/p>\n\n<p>Gesetzliche Anbieterkennung:<\/p>\n\n<p>Baladna Holding GmbH<br\/>diese vertr. d. d. Gesch\u00e4ftsf\u00fchrerin Sabah Kattan,<br\/>Nordring 27<br\/>41363 J\u00fcchen<br\/>Deutschland<br\/>Telefon: +4915203022211<br\/>E-Mail: gm@baladnaholding.com<br\/>USt-IdNr.: DE 341747831<br\/>eingetragen im Handelsregister des Amtsgerichtes M\u00f6nchengladbach Handelsregisternummer HRB: 20014   <\/p>\n\n<p>Alternative Streitbeilegung:<\/p>\n\n<p>Die Europ\u00e4ische Kommission stellt eine Plattform f\u00fcr die au\u00dfergerichtliche Online-Streitbeilegung (OS- Plattform) bereit, aufrufbar unter https:\/\/ec.europa.eu\/odr (https:\/\/ec.europa.eu\/consumers\/odr).<\/p>\n\n<p>Wir sind nicht bereit, an Streitbeilegungsverfahren vor Verbraucherschlichtungsstellen teilzunehmen.<\/p>\n\n<p>Wir sind seit 08.07.2019 Mitglied der Initiative &#8222;FairCommerce&#8220;.<br\/>N\u00e4here Informationen hierzu finden Sie unter www.fair-commerce.de (https:\/\/www.fair-commerce.de\/).<\/p>\n","protected":false},"excerpt":{"rendered":"<p>Impressum Gesetzliche Anbieterkennung: Baladna Holding GmbHdiese vertr. d. d. Gesch\u00e4ftsf\u00fchrerin Sabah Kattan,Nordring 2741363 J\u00fcchenDeutschlandTelefon: +4915203022211E-Mail: gm@baladnaholding.comUSt-IdNr.: DE 341747831eingetragen im Handelsregister [&hellip;]<\/p>\n","protected":false},"author":2,"featured_media":0,"parent":0,"menu_order":0,"comment_status":"closed","ping_status":"closed","template":"","meta":{"_acf_changed":false,"site-sidebar-layout":"default","site-content-layout":"","ast-site-content-layout":"normal-width-container","site-content-style":"boxed","site-sidebar-style":"default","ast-global-header-display":"","ast-banner-title-visibility":"","ast-main-header-display":"","ast-hfb-above-header-display":"","ast-hfb-below-header-display":"","ast-hfb-mobile-header-display":"","site-post-title":"","ast-breadcrumbs-content":"","ast-featured-img":"","footer-sml-layout":"","theme-transparent-header-meta":"","adv-header-id-meta":"","stick-header-meta":"","header-above-stick-meta":"","header-main-stick-meta":"","header-below-stick-meta":"","astra-migrate-meta-layouts":"default","ast-page-background-enabled":"default","ast-page-background-meta":{"desktop":{"background-color":"var(--ast-global-color-5)","background-image":"","background-repeat":"repeat","background-position":"center center","background-size":"auto","background-attachment":"scroll","background-type":"","background-media":"","overlay-type":"","overlay-color":"","overlay-opacity":"","overlay-gradient":""},"tablet":{"background-color":"","background-image":"","background-repeat":"repeat","background-position":"center center","background-size":"auto","background-attachment":"scroll","background-type":"","background-media":"","overlay-type":"","overlay-color":"","overlay-opacity":"","overlay-gradient":""},"mobile":{"background-color":"","background-image":"","background-repeat":"repeat","background-position":"center center","background-size":"auto","background-attachment":"scroll","background-type":"","background-media":"","overlay-type":"","overlay-color":"","overlay-opacity":"","overlay-gradient":""}},"ast-content-background-meta":{"desktop":{"background-color":"var(--ast-global-color-4)","background-image":"","background-repeat":"repeat","background-position":"center center","background-size":"auto","background-attachment":"scroll","background-type":"","background-media":"","overlay-type":"","overlay-color":"","overlay-opacity":"","overlay-gradient":""},"tablet":{"background-color":"var(--ast-global-color-4)","background-image":"","background-repeat":"repeat","background-position":"center center","background-size":"auto","background-attachment":"scroll","background-type":"","background-media":"","overlay-type":"","overlay-color":"","overlay-opacity":"","overlay-gradient":""},"mobile":{"background-color":"var(--ast-global-color-4)","background-image":"","background-repeat":"repeat","background-position":"center center","background-size":"auto","background-attachment":"scroll","background-type":"","background-media":"","overlay-type":"","overlay-color":"","overlay-opacity":"","overlay-gradient":""}},"footnotes":""},"class_list":["post-17211","page","type-page","status-publish","hentry"],"acf":[],"_links":{"self":[{"href":"https:\/\/baladnaholding.com\/de\/wp-json\/wp\/v2\/pages\/17211","targetHints":{"allow":["GET"]}}],"collection":[{"href":"https:\/\/baladnaholding.com\/de\/wp-json\/wp\/v2\/pages"}],"about":[{"href":"https:\/\/baladnaholding.com\/de\/wp-json\/wp\/v2\/types\/page"}],"author":[{"embeddable":true,"href":"https:\/\/baladnaholding.com\/de\/wp-json\/wp\/v2\/users\/2"}],"replies":[{"embeddable":true,"href":"https:\/\/baladnaholding.com\/de\/wp-json\/wp\/v2\/comments?post=17211"}],"version-history":[{"count":1,"href":"https:\/\/baladnaholding.com\/de\/wp-json\/wp\/v2\/pages\/17211\/revisions"}],"predecessor-version":[{"id":17212,"href":"https:\/\/baladnaholding.com\/de\/wp-json\/wp\/v2\/pages\/17211\/revisions\/17212"}],"wp:attachment":[{"href":"https:\/\/baladnaholding.com\/de\/wp-json\/wp\/v2\/media?parent=17211"}],"curies":[{"name":"wp","href":"https:\/\/api.w.org\/{rel}","templated":true}]}}