{"id":17081,"date":"2025-05-10T15:56:59","date_gmt":"2025-05-10T15:56:59","guid":{"rendered":"https:\/\/baladnaholding.com\/%d8%a7%d9%84%d9%87%d9%88%d9%8a%d8%a9\/"},"modified":"2025-06-21T15:51:58","modified_gmt":"2025-06-21T15:51:58","slug":"%d8%a7%d9%84%d9%87%d9%88%d9%8a%d8%a9","status":"publish","type":"page","link":"https:\/\/baladnaholding.com\/ar\/%d8%a7%d9%84%d9%87%d9%88%d9%8a%d8%a9\/","title":{"rendered":"\u0627\u0644\u0647\u0648\u064a\u0629"},"content":{"rendered":"\n<p>\u0627\u0644\u0647\u0648\u064a\u0629<\/p>\n\n<p>\u0627\u0644\u062a\u0639\u0631\u064a\u0641 \u0627\u0644\u0642\u0627\u0646\u0648\u0646\u064a:<\/p>\n\n<p>Baladna Holding GmbH<br\/>diese vertr. d. d. Gesch\u00e4ftsf\u00fchrerin Sabah Kattan,<br\/>Nordring 27<br\/>41363 J\u00fcchen<br\/>Deutschland<br\/>Telefon: +4915203022211<br\/>E-Mail: gm@baladnaholding.com<br\/>USt-IdNr.: DE 341747831<br\/>eingetragen im Handelsregister des Amtsgerichtes M\u00f6nchengladbach Handelsregisternummer HRB: 20014   <\/p>\n\n<p>\u062d\u0644\u0648\u0644 \u0627\u0644\u0646\u0632\u0627\u0639\u0627\u062a:<\/p>\n\n<p>\u062a\u0648\u0641\u0631 \u0627\u0644\u0645\u0641\u0648\u0636\u064a\u0629 \u0627\u0644\u0623\u0648\u0631\u0648\u0628\u064a\u0629 \u0645\u0646\u0635\u0629 \u0644\u062d\u0644 \u0627\u0644\u0646\u0632\u0627\u0639\u0627\u062a \u0639\u0628\u0631 \u0627\u0644\u0625\u0646\u062a\u0631\u0646\u062a \u062e\u0627\u0631\u062c \u0627\u0644\u0645\u062d\u0643\u0645\u0629 (\u0645\u0646\u0635\u0629 ODR)\u060c \u0645\u062a\u0627\u062d\u0629 \u0639\u0644\u0649 https:\/\/ec.europa.eu\/odr (https:\/\/ec.europa.eu\/consumers\/odr).<\/p>\n\n<p>\u0646\u062d\u0646 \u0644\u0633\u0646\u0627 \u0645\u0633\u062a\u0639\u062f\u064a\u0646 \u0644\u0644\u0645\u0634\u0627\u0631\u0643\u0629 \u0641\u064a \u0625\u062c\u0631\u0627\u0621\u0627\u062a \u062d\u0644 \u0627\u0644\u0646\u0632\u0627\u0639\u0627\u062a \u0623\u0645\u0627\u0645 \u0645\u062c\u0627\u0644\u0633 \u0627\u0644\u062a\u062d\u0643\u064a\u0645 \u0644\u0644\u0645\u0633\u062a\u0647\u0644\u0643\u064a\u0646.<\/p>\n\n<p>\u0646\u062d\u0646 \u0639\u0636\u0648 \u0641\u064a \u0645\u0628\u0627\u062f\u0631\u0629 &#8220;\u0627\u0644\u062a\u062c\u0627\u0631\u0629 \u0627\u0644\u0639\u0627\u062f\u0644\u0629&#8221; \u0645\u0646\u0630 8 \u064a\u0648\u0644\u064a\u0648 2019.<br\/>\u064a\u0645\u0643\u0646 \u0627\u0644\u0639\u062b\u0648\u0631 \u0639\u0644\u0649 \u0645\u0632\u064a\u062f \u0645\u0646 \u0627\u0644\u0645\u0639\u0644\u0648\u0645\u0627\u062a \u0639\u0644\u0649 www.fair-commerce.de (https:\/\/www.fair-commerce.de\/).<\/p>\n","protected":false},"excerpt":{"rendered":"<p>\u0627\u0644\u0647\u0648\u064a\u0629 \u0627\u0644\u062a\u0639\u0631\u064a\u0641 \u0627\u0644\u0642\u0627\u0646\u0648\u0646\u064a: Baladna Holding GmbHdiese vertr. d. d. Gesch\u00e4ftsf\u00fchrerin Sabah Kattan,Nordring 2741363 J\u00fcchenDeutschlandTelefon: +4915203022211E-Mail: gm@baladnaholding.comUSt-IdNr.: DE 341747831eingetragen im Handelsregister [&hellip;]<\/p>\n","protected":false},"author":2,"featured_media":0,"parent":0,"menu_order":0,"comment_status":"closed","ping_status":"closed","template":"","meta":{"_acf_changed":false,"site-sidebar-layout":"default","site-content-layout":"","ast-site-content-layout":"normal-width-container","site-content-style":"boxed","site-sidebar-style":"default","ast-global-header-display":"","ast-banner-title-visibility":"","ast-main-header-display":"","ast-hfb-above-header-display":"","ast-hfb-below-header-display":"","ast-hfb-mobile-header-display":"","site-post-title":"","ast-breadcrumbs-content":"","ast-featured-img":"","footer-sml-layout":"","theme-transparent-header-meta":"","adv-header-id-meta":"","stick-header-meta":"","header-above-stick-meta":"","header-main-stick-meta":"","header-below-stick-meta":"","astra-migrate-meta-layouts":"default","ast-page-background-enabled":"default","ast-page-background-meta":{"desktop":{"background-color":"var(--ast-global-color-5)","background-image":"","background-repeat":"repeat","background-position":"center center","background-size":"auto","background-attachment":"scroll","background-type":"","background-media":"","overlay-type":"","overlay-color":"","overlay-opacity":"","overlay-gradient":""},"tablet":{"background-color":"","background-image":"","background-repeat":"repeat","background-position":"center center","background-size":"auto","background-attachment":"scroll","background-type":"","background-media":"","overlay-type":"","overlay-color":"","overlay-opacity":"","overlay-gradient":""},"mobile":{"background-color":"","background-image":"","background-repeat":"repeat","background-position":"center center","background-size":"auto","background-attachment":"scroll","background-type":"","background-media":"","overlay-type":"","overlay-color":"","overlay-opacity":"","overlay-gradient":""}},"ast-content-background-meta":{"desktop":{"background-color":"var(--ast-global-color-4)","background-image":"","background-repeat":"repeat","background-position":"center center","background-size":"auto","background-attachment":"scroll","background-type":"","background-media":"","overlay-type":"","overlay-color":"","overlay-opacity":"","overlay-gradient":""},"tablet":{"background-color":"var(--ast-global-color-4)","background-image":"","background-repeat":"repeat","background-position":"center center","background-size":"auto","background-attachment":"scroll","background-type":"","background-media":"","overlay-type":"","overlay-color":"","overlay-opacity":"","overlay-gradient":""},"mobile":{"background-color":"var(--ast-global-color-4)","background-image":"","background-repeat":"repeat","background-position":"center center","background-size":"auto","background-attachment":"scroll","background-type":"","background-media":"","overlay-type":"","overlay-color":"","overlay-opacity":"","overlay-gradient":""}},"footnotes":""},"class_list":["post-17081","page","type-page","status-publish","hentry"],"acf":[],"_links":{"self":[{"href":"https:\/\/baladnaholding.com\/ar\/wp-json\/wp\/v2\/pages\/17081","targetHints":{"allow":["GET"]}}],"collection":[{"href":"https:\/\/baladnaholding.com\/ar\/wp-json\/wp\/v2\/pages"}],"about":[{"href":"https:\/\/baladnaholding.com\/ar\/wp-json\/wp\/v2\/types\/page"}],"author":[{"embeddable":true,"href":"https:\/\/baladnaholding.com\/ar\/wp-json\/wp\/v2\/users\/2"}],"replies":[{"embeddable":true,"href":"https:\/\/baladnaholding.com\/ar\/wp-json\/wp\/v2\/comments?post=17081"}],"version-history":[{"count":1,"href":"https:\/\/baladnaholding.com\/ar\/wp-json\/wp\/v2\/pages\/17081\/revisions"}],"predecessor-version":[{"id":17082,"href":"https:\/\/baladnaholding.com\/ar\/wp-json\/wp\/v2\/pages\/17081\/revisions\/17082"}],"wp:attachment":[{"href":"https:\/\/baladnaholding.com\/ar\/wp-json\/wp\/v2\/media?parent=17081"}],"curies":[{"name":"wp","href":"https:\/\/api.w.org\/{rel}","templated":true}]}}